{"id":396,"date":"2022-02-01T14:38:13","date_gmt":"2022-02-01T14:38:13","guid":{"rendered":"https:\/\/inovhumre.iscte-iul.pt\/?page_id=396"},"modified":"2022-02-01T17:22:00","modified_gmt":"2022-02-01T17:22:00","slug":"hacettepe-university","status":"publish","type":"page","link":"https:\/\/inovhumre.iscte-iul.pt\/index.php\/en\/partners\/hacettepe-university\/","title":{"rendered":"Hacettepe University"},"content":{"rendered":"\n<div class=\"wp-block-media-text alignwide is-stacked-on-mobile is-vertically-aligned-top\" style=\"grid-template-columns:38% auto\"><figure class=\"wp-block-media-text__media\"><a href=\"https:\/\/www.hacettepe.edu.tr\/english\"><img loading=\"lazy\" decoding=\"async\" width=\"1024\" height=\"573\" src=\"https:\/\/inovhumre.iscte-iul.pt\/wp-content\/uploads\/2022\/02\/Hacettepe_instituicao-2-1024x573.jpg\" alt=\"\" class=\"wp-image-440 size-full\" srcset=\"https:\/\/inovhumre.iscte-iul.pt\/wp-content\/uploads\/2022\/02\/Hacettepe_instituicao-2-1024x573.jpg 1024w, https:\/\/inovhumre.iscte-iul.pt\/wp-content\/uploads\/2022\/02\/Hacettepe_instituicao-2-300x168.jpg 300w, https:\/\/inovhumre.iscte-iul.pt\/wp-content\/uploads\/2022\/02\/Hacettepe_instituicao-2-768x430.jpg 768w, https:\/\/inovhumre.iscte-iul.pt\/wp-content\/uploads\/2022\/02\/Hacettepe_instituicao-2-750x420.jpg 750w, https:\/\/inovhumre.iscte-iul.pt\/wp-content\/uploads\/2022\/02\/Hacettepe_instituicao-2.jpg 1200w\" sizes=\"auto, (max-width: 1024px) 100vw, 1024px\" \/><\/a><\/figure><div class=\"wp-block-media-text__content\">\n<blockquote class=\"wp-block-quote is-layout-flow wp-block-quote-is-layout-flow\"><p><strong><a href=\"https:\/\/www.hacettepe.edu.tr\/english\" data-type=\"URL\" data-id=\"https:\/\/www.hacettepe.edu.tr\/english\">Hacettepe University<\/a><\/strong>, which was founded on July 8, 1967. It pursues its contributions to social development and universal values in the fields of science, technology and art with 16 Faculties, 15 Institutes, 4 Vocational Schools, 2 Colleges, 1 Conservatory, 98 Research and Application Centers as one of the leading universities in our country today. <\/p><p>The mission of Hacettepe University, as a research-oriented university, is to educate highly qualified, open to change and development, questioning individuals in the fields of science, technology and art with its education in the light of universal values; to provide the knowledge, services and technology it produces for the benefit of the community. <\/p><p>The social work department was affiliated to Hacettepe University under the name of Social Services School in 1982 with the Higher Education Institution Law, with the participation of the Social Work and Social Services Department, which was established within the Faculty of Administrative and Social Sciences of Hacettepe University in 1967. As of April 2006, it was included in Hacettepe University Faculty of Economics and Administrative Sciences as &#8220;Social Work Department&#8221;.<\/p><\/blockquote>\n<\/div><\/div>\n\n\n\n<p><strong><span class=\"has-inline-color has-vivid-cyan-blue-color\">TEAM<\/span><\/strong><\/p>\n\n\n\n<p><\/p>\n\n\n\n<div class=\"wp-block-media-text alignwide is-stacked-on-mobile\" style=\"grid-template-columns:18% auto\"><figure class=\"wp-block-media-text__media\"><img loading=\"lazy\" decoding=\"async\" width=\"231\" height=\"239\" src=\"https:\/\/inovhumre.iscte-iul.pt\/wp-content\/uploads\/2022\/02\/Hacettepe_Reyhan-Atasu-1.jpg\" alt=\"\" class=\"wp-image-442 size-full\"\/><\/figure><div class=\"wp-block-media-text__content\">\n<p><strong>Reyhan Atas\u00fc Topcuo\u011flu<\/strong> received her B.A. in Economics at Bilkent University and her first M.A. in Sociology at Middle East Technical University and the second in social work at Hacettepe University. She&nbsp;obtained&nbsp;her PhD in sociology at Humboldt University. She is currently&nbsp;professor&nbsp;at Hacettepe University, Department of Social Work. Her research interests are migration,&nbsp;refugees,&nbsp;human trafficking, social policy and social work, care policy, human rights,&nbsp;and feminist theory<\/p>\n<\/div><\/div>\n\n\n\n<div class=\"wp-block-media-text alignwide is-stacked-on-mobile\" style=\"grid-template-columns:18% auto\"><figure class=\"wp-block-media-text__media\"><img loading=\"lazy\" decoding=\"async\" width=\"265\" height=\"311\" src=\"https:\/\/inovhumre.iscte-iul.pt\/wp-content\/uploads\/2022\/02\/Hacettepe_Gokhan-Topcu-1.jpg\" alt=\"\" class=\"wp-image-443 size-full\" srcset=\"https:\/\/inovhumre.iscte-iul.pt\/wp-content\/uploads\/2022\/02\/Hacettepe_Gokhan-Topcu-1.jpg 265w, https:\/\/inovhumre.iscte-iul.pt\/wp-content\/uploads\/2022\/02\/Hacettepe_Gokhan-Topcu-1-256x300.jpg 256w\" sizes=\"auto, (max-width: 265px) 100vw, 265px\" \/><\/figure><div class=\"wp-block-media-text__content\">\n<p><strong>G\u00f6khan Top\u00e7u<\/strong> received his B.A. in Sociology at METU. He obtained his Phd in Social Work at Hacettepe University. He is currently research assistant at Hacettepe University. His research interests are gender, social policy, fatherhood, social work and masculinity<\/p>\n<\/div><\/div>\n\n\n\n<div class=\"wp-block-media-text alignwide is-stacked-on-mobile\" style=\"grid-template-columns:18% auto\"><figure class=\"wp-block-media-text__media\"><img loading=\"lazy\" decoding=\"async\" width=\"253\" height=\"283\" src=\"https:\/\/inovhumre.iscte-iul.pt\/wp-content\/uploads\/2022\/02\/Hacettepe_Gorkem-Kelebek-1.jpg\" alt=\"\" class=\"wp-image-444 size-full\"\/><\/figure><div class=\"wp-block-media-text__content\">\n<p><strong>G\u00f6rkem Kelebek K\u00fc\u00e7\u00fckarslan<\/strong>, she received her B.A. in social work at Hacettepe University. Her M.A. in Social Work at Hacettepe University. She is currently doing PhD in social work at Hacettepe University. She is working at Hacettepe University as a research assistant. Her research interests are social work, gender, feminist theory, divorce, gender-based violence.<\/p>\n<\/div><\/div>\n\n\n\n<p><\/p>\n\n\n\n<p><\/p>\n\n\n\n<div class=\"wp-block-media-text alignwide is-stacked-on-mobile\" style=\"grid-template-columns:18% auto\"><figure class=\"wp-block-media-text__media\"><img loading=\"lazy\" decoding=\"async\" width=\"216\" height=\"255\" src=\"https:\/\/inovhumre.iscte-iul.pt\/wp-content\/uploads\/2022\/02\/Hacettepe_hanka-Sakarya-1.jpg\" alt=\"\" class=\"wp-image-445 size-full\"\/><\/figure><div class=\"wp-block-media-text__content\">\n<p><strong>Hakan Sakarya<\/strong> received his B.A.&nbsp; in social work at Hacettepe University. His M.A. in Social work at Manisa Celal Bayar University. He is currently doing PhD in social work at Hacettepe University. He is working at Hacettepe University as a research assistant. His research interests are migration, refugees, military and social work.<\/p>\n<\/div><\/div>\n","protected":false},"excerpt":{"rendered":"<p>Hacettepe University, which was founded on July 8, 1967. It pursues its contributions to social development and universal values in the fields of science, technology and art with 16 Faculties, 15 Institutes, 4 Vocational Schools, 2 Colleges, 1 Conservatory, 98 Research and Application Centers as one of the leading universities in our country today. The&hellip;<a href=\"https:\/\/inovhumre.iscte-iul.pt\/index.php\/en\/partners\/hacettepe-university\/\" class=\"more-link\">Continue reading <span class=\"screen-reader-text\">Hacettepe University<\/span><\/a><\/p>\n","protected":false},"author":3,"featured_media":0,"parent":186,"menu_order":5,"comment_status":"closed","ping_status":"closed","template":"","meta":{"footnotes":""},"class_list":["post-396","page","type-page","status-publish","hentry"],"_links":{"self":[{"href":"https:\/\/inovhumre.iscte-iul.pt\/index.php\/wp-json\/wp\/v2\/pages\/396","targetHints":{"allow":["GET"]}}],"collection":[{"href":"https:\/\/inovhumre.iscte-iul.pt\/index.php\/wp-json\/wp\/v2\/pages"}],"about":[{"href":"https:\/\/inovhumre.iscte-iul.pt\/index.php\/wp-json\/wp\/v2\/types\/page"}],"author":[{"embeddable":true,"href":"https:\/\/inovhumre.iscte-iul.pt\/index.php\/wp-json\/wp\/v2\/users\/3"}],"replies":[{"embeddable":true,"href":"https:\/\/inovhumre.iscte-iul.pt\/index.php\/wp-json\/wp\/v2\/comments?post=396"}],"version-history":[{"count":4,"href":"https:\/\/inovhumre.iscte-iul.pt\/index.php\/wp-json\/wp\/v2\/pages\/396\/revisions"}],"predecessor-version":[{"id":512,"href":"https:\/\/inovhumre.iscte-iul.pt\/index.php\/wp-json\/wp\/v2\/pages\/396\/revisions\/512"}],"up":[{"embeddable":true,"href":"https:\/\/inovhumre.iscte-iul.pt\/index.php\/wp-json\/wp\/v2\/pages\/186"}],"wp:attachment":[{"href":"https:\/\/inovhumre.iscte-iul.pt\/index.php\/wp-json\/wp\/v2\/media?parent=396"}],"curies":[{"name":"wp","href":"https:\/\/api.w.org\/{rel}","templated":true}]}}