{"id":28,"date":"2021-09-28T16:22:57","date_gmt":"2021-09-28T16:22:57","guid":{"rendered":"http:\/\/inovhumre.iscte-iul.pt\/?page_id=28"},"modified":"2025-11-14T16:55:28","modified_gmt":"2025-11-14T16:55:28","slug":"produtos","status":"publish","type":"page","link":"https:\/\/inovhumre.iscte-iul.pt\/index.php\/produtos\/","title":{"rendered":"Resultados"},"content":{"rendered":"\n<div style=\"height:18px\" aria-hidden=\"true\" class=\"wp-block-spacer\"><\/div>\n\n\n\n<p class=\"has-medium-font-size\">&gt; <strong>Relat\u00f3rio de prospe\u00e7\u00e3o (Outlook report)<\/strong><\/p>\n\n\n\n<div style=\"height:24px\" aria-hidden=\"true\" class=\"wp-block-spacer\"><\/div>\n\n\n\n<div class=\"wp-block-media-text is-stacked-on-mobile\" style=\"grid-template-columns:26% auto\"><figure class=\"wp-block-media-text__media\"><a href=\"https:\/\/inovhumre.iscte-iul.pt\/wp-content\/uploads\/2024\/01\/Outlook-Report.pdf\" target=\"_blank\" rel=\"noreferrer noopener\"><img loading=\"lazy\" decoding=\"async\" width=\"304\" height=\"429\" src=\"http:\/\/inovhumre.iscte-iul.pt\/wp-content\/uploads\/2024\/01\/Outlook-report.png\" alt=\"\" class=\"wp-image-1150 size-full\" srcset=\"https:\/\/inovhumre.iscte-iul.pt\/wp-content\/uploads\/2024\/01\/Outlook-report.png 304w, https:\/\/inovhumre.iscte-iul.pt\/wp-content\/uploads\/2024\/01\/Outlook-report-213x300.png 213w\" sizes=\"auto, (max-width: 304px) 100vw, 304px\" \/><\/a><\/figure><div class=\"wp-block-media-text__content\">\n<p style=\"font-size:20px\">Relat\u00f3rio elaborado a partir da recolha de informa\u00e7\u00f5es do contexto nacional de cada um dos parceiros e que cont\u00e9m informa\u00e7\u00e3o sobre o estado da arte, metodologias e as boas pr\u00e1ticas no que concerne \u00e0 avalia\u00e7\u00e3o participativa na \u00e1rea da a\u00e7\u00e3o humanit\u00e1ria<\/p>\n<\/div><\/div>\n\n\n\n<div style=\"height:68px\" aria-hidden=\"true\" class=\"wp-block-spacer\"><\/div>\n\n\n\n<p class=\"has-medium-font-size\">&gt; <strong>Syllabus (unidade curricular)<\/strong>, desenvolvida a partir do relat\u00f3rio de prospe\u00e7\u00e3o e com inputs de todos os parceiros, procura colmatar as necessidades identificadas no ensino da avalia\u00e7\u00e3o em a\u00e7\u00e3o humanit\u00e1ria<\/p>\n\n\n\n<div style=\"height:21px\" aria-hidden=\"true\" class=\"wp-block-spacer\"><\/div>\n\n\n\n<div class=\"wp-block-media-text is-stacked-on-mobile is-vertically-aligned-center\" style=\"grid-template-columns:42% auto\"><figure class=\"wp-block-media-text__media\"><img loading=\"lazy\" decoding=\"async\" width=\"1024\" height=\"661\" src=\"https:\/\/inovhumre.iscte-iul.pt\/wp-content\/uploads\/2024\/01\/UC-1024x661.png\" alt=\"\" class=\"wp-image-1130 size-full\" srcset=\"https:\/\/inovhumre.iscte-iul.pt\/wp-content\/uploads\/2024\/01\/UC-1024x661.png 1024w, https:\/\/inovhumre.iscte-iul.pt\/wp-content\/uploads\/2024\/01\/UC-300x194.png 300w, https:\/\/inovhumre.iscte-iul.pt\/wp-content\/uploads\/2024\/01\/UC-768x496.png 768w, https:\/\/inovhumre.iscte-iul.pt\/wp-content\/uploads\/2024\/01\/UC-750x484.png 750w, https:\/\/inovhumre.iscte-iul.pt\/wp-content\/uploads\/2024\/01\/UC.png 1489w\" sizes=\"auto, (max-width: 1024px) 100vw, 1024px\" \/><\/figure><div class=\"wp-block-media-text__content\">\n<p style=\"font-size:20px\">&gt; <a href=\"http:\/\/inovhumre.iscte-iul.pt\/wp-content\/uploads\/2023\/11\/FUC-Iscte-1.pdf\" data-type=\"link\" data-id=\"inovhumre.iscte-iul.pt\/wp-content\/uploads\/2023\/11\/FUC-Iscte-1.pdf\" target=\"_blank\" rel=\"noreferrer noopener\">A estrutura da unidade curricular no Iscte, Portugal<\/a><\/p>\n\n\n\n<p style=\"font-size:20px\"><\/p>\n\n\n\n<p style=\"font-size:20px\">&gt; <a href=\"http:\/\/inovhumre.iscte-iul.pt\/wp-content\/uploads\/2023\/11\/FUC_UNED-1.pdf\" target=\"_blank\" rel=\"noreferrer noopener\">A estrutura da unidade curricular na UNED, Espanha<\/a><\/p>\n\n\n\n<p style=\"font-size:20px\"><\/p>\n\n\n\n<p style=\"font-size:20px\">&gt; <a href=\"http:\/\/inovhumre.iscte-iul.pt\/wp-content\/uploads\/2023\/12\/Syllabus-Hacettepe-University.pdf\" data-type=\"link\" data-id=\"inovhumre.iscte-iul.pt\/wp-content\/uploads\/2023\/12\/Syllabus-Hacettepe-University.pdf\" target=\"_blank\" rel=\"noreferrer noopener\">A estrutura da unidade curricular da Universidade Hacettepe, Turquia<\/a><\/p>\n<\/div><\/div>\n\n\n\n<div style=\"height:61px\" aria-hidden=\"true\" class=\"wp-block-spacer\"><\/div>\n\n\n\n<p class=\"has-medium-font-size\">&gt; Desenho de <strong>ferramentas e-learning<\/strong>, para apoio ao ensino da avalia\u00e7\u00e3o participativa em a\u00e7\u00e3o humanit\u00e1ria <\/p>\n\n\n\n<div style=\"height:55px\" aria-hidden=\"true\" class=\"wp-block-spacer\"><\/div>\n\n\n\n<div class=\"wp-block-media-text is-stacked-on-mobile\" style=\"grid-template-columns:44% auto\"><figure class=\"wp-block-media-text__media\"><a href=\"https:\/\/www.youtube.com\/@InovHumRe\" target=\"_blank\" rel=\"noreferrer noopener\"><img loading=\"lazy\" decoding=\"async\" width=\"1024\" height=\"433\" src=\"https:\/\/inovhumre.iscte-iul.pt\/wp-content\/uploads\/2024\/01\/Youtube-1-1024x433.png\" alt=\"\" class=\"wp-image-1128 size-full\" srcset=\"https:\/\/inovhumre.iscte-iul.pt\/wp-content\/uploads\/2024\/01\/Youtube-1-1024x433.png 1024w, https:\/\/inovhumre.iscte-iul.pt\/wp-content\/uploads\/2024\/01\/Youtube-1-300x127.png 300w, https:\/\/inovhumre.iscte-iul.pt\/wp-content\/uploads\/2024\/01\/Youtube-1-768x325.png 768w, https:\/\/inovhumre.iscte-iul.pt\/wp-content\/uploads\/2024\/01\/Youtube-1-750x317.png 750w, https:\/\/inovhumre.iscte-iul.pt\/wp-content\/uploads\/2024\/01\/Youtube-1.png 1134w\" sizes=\"auto, (max-width: 1024px) 100vw, 1024px\" \/><\/a><\/figure><div class=\"wp-block-media-text__content\">\n<p style=\"font-size:20px\">Aceda <a href=\"https:\/\/www.youtube.com\/@InovHumRe\" data-type=\"link\" data-id=\"https:\/\/www.youtube.com\/@InovHumRe\" target=\"_blank\" rel=\"noreferrer noopener\"><strong>aqui<\/strong><\/a> ao canal Youtube do projeto InovHumRe, que cont\u00e9m v\u00eddeos com informa\u00e7\u00e3o te\u00f3rica e estudos de caso sobre avalia\u00e7\u00e3o participativa. <\/p>\n\n\n\n<p style=\"font-size:20px\">O canal Youtube foi desenvolvido para criar um reposit\u00f3rio de ferramentas de ensino \u00e0 dist\u00e2ncia, acess\u00edveis a todos os stakeholders interessados<\/p>\n<\/div><\/div>\n\n\n\n<div style=\"height:40px\" aria-hidden=\"true\" class=\"wp-block-spacer\"><\/div>\n\n\n\n<p class=\"has-medium-font-size\">> <strong><a href=\"https:\/\/ec.europa.eu\/programmes\/erasmus-plus\/project-result-content\/0b59b039-efc9-47a3-bc24-90095654d157\/InovHumRe_Handbook.pdf\" data-type=\"link\" data-id=\"https:\/\/ec.europa.eu\/programmes\/erasmus-plus\/project-result-content\/0b59b039-efc9-47a3-bc24-90095654d157\/InovHumRe_Handbook.pdf\">Handbook<\/a><\/strong> que cont\u00e9m as metodologias de avalia\u00e7\u00e3o em a\u00e7\u00e3o humanit\u00e1ria, bem como estudos de caso e que servir\u00e1 de guia sobre como planear e conduzir uma avalia\u00e7\u00e3o participativa em a\u00e7\u00e3o humanit\u00e1ria<\/p>\n\n\n\n<div style=\"height:44px\" aria-hidden=\"true\" class=\"wp-block-spacer\"><\/div>\n\n\n\n<div style=\"height:61px\" aria-hidden=\"true\" class=\"wp-block-spacer\"><\/div>\n\n\n\n<p class=\"has-medium-font-size\">&gt; <strong>Declara\u00e7\u00e3o de Lisboa <\/strong>para o &#8220;Desenvolvimento do Servi\u00e7o Social e da A\u00e7\u00e3o Humanit\u00e1ria no sec. XXI&#8221;<\/p>\n\n\n\n<div style=\"height:39px\" aria-hidden=\"true\" class=\"wp-block-spacer\"><\/div>\n\n\n\n<div class=\"wp-block-media-text has-media-on-the-right is-stacked-on-mobile\" style=\"grid-template-columns:auto 27%\"><div class=\"wp-block-media-text__content\">\n<p style=\"font-size:20px\">Assinada no dia 16 de novembro 2023, no \u00e2mbito da Confer\u00eancia final do projeto, entre o Cons\u00f3rcio InovHumRe e os tr\u00eas presidentes das principais organiza\u00e7\u00f5es internacionais de servi\u00e7o social: <em>International Association of Schools of Social Work<\/em>,&nbsp;<em>International Council on Social Welfare<\/em>&nbsp;and&nbsp;<em>International Federation of Social Workers<\/em><\/p>\n<\/div><figure class=\"wp-block-media-text__media\"><a href=\"https:\/\/inovhumre.iscte-iul.pt\/wp-content\/uploads\/2024\/01\/Lisbon-Declaration-16.11.22-1.pdf\" target=\"_blank\" rel=\"noreferrer noopener\"><img loading=\"lazy\" decoding=\"async\" width=\"304\" height=\"429\" src=\"https:\/\/inovhumre.iscte-iul.pt\/wp-content\/uploads\/2024\/01\/Declaration-1.png\" alt=\"\" class=\"wp-image-1163 size-full\" srcset=\"https:\/\/inovhumre.iscte-iul.pt\/wp-content\/uploads\/2024\/01\/Declaration-1.png 304w, https:\/\/inovhumre.iscte-iul.pt\/wp-content\/uploads\/2024\/01\/Declaration-1-213x300.png 213w\" sizes=\"auto, (max-width: 304px) 100vw, 304px\" \/><\/a><\/figure><\/div>\n\n\n\n<p><\/p>\n","protected":false},"excerpt":{"rendered":"<p>&gt; Relat\u00f3rio de prospe\u00e7\u00e3o (Outlook report) Relat\u00f3rio elaborado a partir da recolha de informa\u00e7\u00f5es do contexto nacional de cada um dos parceiros e que cont\u00e9m informa\u00e7\u00e3o sobre o estado da arte, metodologias e as boas pr\u00e1ticas no que concerne \u00e0 avalia\u00e7\u00e3o participativa na \u00e1rea da a\u00e7\u00e3o humanit\u00e1ria &gt; Syllabus (unidade curricular), desenvolvida a partir do&hellip;<a href=\"https:\/\/inovhumre.iscte-iul.pt\/index.php\/produtos\/\" class=\"more-link\">Continue reading <span class=\"screen-reader-text\">Resultados<\/span><\/a><\/p>\n","protected":false},"author":1,"featured_media":0,"parent":0,"menu_order":0,"comment_status":"closed","ping_status":"closed","template":"","meta":{"footnotes":""},"class_list":["post-28","page","type-page","status-publish","hentry"],"_links":{"self":[{"href":"https:\/\/inovhumre.iscte-iul.pt\/index.php\/wp-json\/wp\/v2\/pages\/28","targetHints":{"allow":["GET"]}}],"collection":[{"href":"https:\/\/inovhumre.iscte-iul.pt\/index.php\/wp-json\/wp\/v2\/pages"}],"about":[{"href":"https:\/\/inovhumre.iscte-iul.pt\/index.php\/wp-json\/wp\/v2\/types\/page"}],"author":[{"embeddable":true,"href":"https:\/\/inovhumre.iscte-iul.pt\/index.php\/wp-json\/wp\/v2\/users\/1"}],"replies":[{"embeddable":true,"href":"https:\/\/inovhumre.iscte-iul.pt\/index.php\/wp-json\/wp\/v2\/comments?post=28"}],"version-history":[{"count":35,"href":"https:\/\/inovhumre.iscte-iul.pt\/index.php\/wp-json\/wp\/v2\/pages\/28\/revisions"}],"predecessor-version":[{"id":1278,"href":"https:\/\/inovhumre.iscte-iul.pt\/index.php\/wp-json\/wp\/v2\/pages\/28\/revisions\/1278"}],"wp:attachment":[{"href":"https:\/\/inovhumre.iscte-iul.pt\/index.php\/wp-json\/wp\/v2\/media?parent=28"}],"curies":[{"name":"wp","href":"https:\/\/api.w.org\/{rel}","templated":true}]}}