{"id":25,"date":"2021-09-28T15:49:29","date_gmt":"2021-09-28T15:49:29","guid":{"rendered":"http:\/\/inovhumre.iscte-iul.pt\/?page_id=25"},"modified":"2022-02-01T16:39:42","modified_gmt":"2022-02-01T16:39:42","slug":"parceiros","status":"publish","type":"page","link":"https:\/\/inovhumre.iscte-iul.pt\/index.php\/parceiros\/","title":{"rendered":"Parceiros"},"content":{"rendered":"\n<p>O projeto InovHumRe conta com a participa\u00e7\u00e3o de Universidades e Organiza\u00e7\u00f5es n\u00e3o Governamentais diretamente envolvidas na resposta humanit\u00e1ria de Portugal, Espanha, Turquia, Col\u00f4mbia e Brasil<\/p>\n\n\n\n<p>O projeto \u00e9 coordenado pelo <a href=\"https:\/\/www.iscte-iul.pt\/\" data-type=\"URL\" data-id=\"https:\/\/www.iscte-iul.pt\/\">Iscte \u2013 Instituto Universit\u00e1rio de Lisboa<\/a> e tem como parceiros as seguintes organiza\u00e7\u00f5es: <\/p>\n\n\n\n<p><\/p>\n\n\n\n<p>&#8211; <a href=\"http:\/\/www.imvf.org\" data-type=\"URL\" data-id=\"www.imvf.org\">Instituto Marqu\u00eas de Valle Fl\u00f4r<\/a>, Portugal<\/p>\n\n\n\n<p>&#8211; <a href=\"http:\/\/www.uned.es\" data-type=\"URL\" data-id=\"www.uned.es\">Universidade Nacional de Ensino a Dist\u00e2nci<\/a>a, Espanha<\/p>\n\n\n\n<p>&#8211; <a href=\"http:\/\/www.fundacionmagtel.es\" data-type=\"URL\" data-id=\"www.fundacionmagtel.es\">Fundac\u00edon Magtel<\/a>, Espanha<\/p>\n\n\n\n<p>&#8211; <a href=\"https:\/\/www.hacettepe.edu.tr\/english\" data-type=\"URL\" data-id=\"https:\/\/www.hacettepe.edu.tr\/english\">Hacettepe University<\/a>, Turquia<\/p>\n\n\n\n<p>&#8211; <a href=\"https:\/\/sened.ngo\/\" data-type=\"URL\" data-id=\"https:\/\/sened.ngo\/\">Sened Dernegi<\/a>, Turquia<\/p>\n\n\n\n<p>&#8211; <a href=\"http:\/\/shuder.org\/\" data-type=\"URL\" data-id=\"http:\/\/shuder.org\/\">Sosyal Hizmet<\/a>, Turquia<\/p>\n\n\n\n<p>&#8211; <a href=\"https:\/\/portal.fgv.br\/\" data-type=\"URL\" data-id=\"https:\/\/portal.fgv.br\/\">Funda\u00e7\u00e3o Get\u00falio Vargas<\/a>, Brasil<\/p>\n\n\n\n<p>&#8211; <a href=\"https:\/\/www.icesi.edu.co\/en\/\" data-type=\"URL\" data-id=\"https:\/\/www.icesi.edu.co\/en\/\">Icesi University<\/a>, Col\u00f4mbia<\/p>\n\n\n\n<p><\/p>\n\n\n\n<p><strong>Saiba mais sobre cada um dos parceiros no respetivo separador<\/strong><\/p>\n\n\n\n<p><\/p>\n","protected":false},"excerpt":{"rendered":"<p>O projeto InovHumRe conta com a participa\u00e7\u00e3o de Universidades e Organiza\u00e7\u00f5es n\u00e3o Governamentais diretamente envolvidas na resposta humanit\u00e1ria de Portugal, Espanha, Turquia, Col\u00f4mbia e Brasil O projeto \u00e9 coordenado pelo Iscte \u2013 Instituto Universit\u00e1rio de Lisboa e tem como parceiros as seguintes organiza\u00e7\u00f5es: &#8211; Instituto Marqu\u00eas de Valle Fl\u00f4r, Portugal &#8211; Universidade Nacional de Ensino&hellip;<a href=\"https:\/\/inovhumre.iscte-iul.pt\/index.php\/parceiros\/\" class=\"more-link\">Continue reading <span class=\"screen-reader-text\">Parceiros<\/span><\/a><\/p>\n","protected":false},"author":1,"featured_media":0,"parent":0,"menu_order":0,"comment_status":"closed","ping_status":"closed","template":"","meta":{"footnotes":""},"class_list":["post-25","page","type-page","status-publish","hentry"],"_links":{"self":[{"href":"https:\/\/inovhumre.iscte-iul.pt\/index.php\/wp-json\/wp\/v2\/pages\/25","targetHints":{"allow":["GET"]}}],"collection":[{"href":"https:\/\/inovhumre.iscte-iul.pt\/index.php\/wp-json\/wp\/v2\/pages"}],"about":[{"href":"https:\/\/inovhumre.iscte-iul.pt\/index.php\/wp-json\/wp\/v2\/types\/page"}],"author":[{"embeddable":true,"href":"https:\/\/inovhumre.iscte-iul.pt\/index.php\/wp-json\/wp\/v2\/users\/1"}],"replies":[{"embeddable":true,"href":"https:\/\/inovhumre.iscte-iul.pt\/index.php\/wp-json\/wp\/v2\/comments?post=25"}],"version-history":[{"count":11,"href":"https:\/\/inovhumre.iscte-iul.pt\/index.php\/wp-json\/wp\/v2\/pages\/25\/revisions"}],"predecessor-version":[{"id":489,"href":"https:\/\/inovhumre.iscte-iul.pt\/index.php\/wp-json\/wp\/v2\/pages\/25\/revisions\/489"}],"wp:attachment":[{"href":"https:\/\/inovhumre.iscte-iul.pt\/index.php\/wp-json\/wp\/v2\/media?parent=25"}],"curies":[{"name":"wp","href":"https:\/\/api.w.org\/{rel}","templated":true}]}}