{"id":244,"date":"2022-02-01T10:20:19","date_gmt":"2022-02-01T10:20:19","guid":{"rendered":"https:\/\/inovhumre.iscte-iul.pt\/?page_id=244"},"modified":"2022-02-02T09:27:24","modified_gmt":"2022-02-02T09:27:24","slug":"universidade-icesi","status":"publish","type":"page","link":"https:\/\/inovhumre.iscte-iul.pt\/index.php\/parceiros\/universidade-icesi\/","title":{"rendered":"Universidade Icesi"},"content":{"rendered":"\n<div class=\"wp-block-media-text alignwide is-stacked-on-mobile is-vertically-aligned-top\" style=\"grid-template-columns:44% auto\"><figure class=\"wp-block-media-text__media\"><img loading=\"lazy\" decoding=\"async\" width=\"1024\" height=\"768\" src=\"https:\/\/inovhumre.iscte-iul.pt\/wp-content\/uploads\/2022\/02\/Icesi_instituicao-1024x768.jpg\" alt=\"\" class=\"wp-image-363 size-full\" srcset=\"https:\/\/inovhumre.iscte-iul.pt\/wp-content\/uploads\/2022\/02\/Icesi_instituicao-1024x768.jpg 1024w, https:\/\/inovhumre.iscte-iul.pt\/wp-content\/uploads\/2022\/02\/Icesi_instituicao-300x225.jpg 300w, https:\/\/inovhumre.iscte-iul.pt\/wp-content\/uploads\/2022\/02\/Icesi_instituicao-768x576.jpg 768w, https:\/\/inovhumre.iscte-iul.pt\/wp-content\/uploads\/2022\/02\/Icesi_instituicao-750x562.jpg 750w, https:\/\/inovhumre.iscte-iul.pt\/wp-content\/uploads\/2022\/02\/Icesi_instituicao.jpg 1299w\" sizes=\"auto, (max-width: 1024px) 100vw, 1024px\" \/><\/figure><div class=\"wp-block-media-text__content\">\n<blockquote class=\"wp-block-quote is-layout-flow wp-block-quote-is-layout-flow\"><p>A <a href=\"https:\/\/www.icesi.edu.co\/en\/\" data-type=\"URL\" data-id=\"https:\/\/www.icesi.edu.co\/en\/\">Icesi<\/a> \u00e9 uma universidade privada fundada em 1979 por l\u00edderes de neg\u00f3cios locais e que continuam a contribuir significativamente para o Icesi, providenciando apoio financeiro, institucional e networking. <\/p><p>Desde a sua funda\u00e7\u00e3o, a universidade tem sistematicamente prosseguido a sua miss\u00e3o: prossecu\u00e7\u00e3o da aprendizagem, descoberta, conhecimento e tomada de a\u00e7\u00e3o para a cria\u00e7\u00e3o de um mundo melhor. <\/p><p>A Universidade Icesi forma profissionais em programas da seguinte natureza: 30 licenciaturas, 2 doutoramentos, 35 mestrados, 24 especializa\u00e7\u00f5es m\u00e9dico-cir\u00fargicas e 17 especializa\u00e7\u00f5es, todas acreditadas pelo Minist\u00e9rio da Educa\u00e7\u00e3o. Paralelamente, pela rela\u00e7\u00e3o de proximidade com os neg\u00f3cios locais, a universidade desenha programas e cursos \u00e0 mediada e oferece consultoria para satisfazer as necessidades das empresas para estar atualizada com o estado da arte dos setores. <\/p><p>A NOSSA VIS\u00c3O DE FUTURO: No ano de 2022, a Universidade Icesi ser\u00e1 estimada pela sociedade Colombiana, organiza\u00e7\u00f5es nacionais e pares de prest\u00edgio internacional, pela excel\u00eancia das concretiza\u00e7\u00f5es dos alunos, pela crescente visibilidade da sua investiga\u00e7\u00e3o e pelo impacto positivo que gera na sua regi\u00e3o e pa\u00eds.<\/p><\/blockquote>\n<\/div><\/div>\n\n\n\n<p><\/p>\n\n\n\n<p><strong><span class=\"has-inline-color has-vivid-cyan-blue-color\">EQUIPA<\/span><\/strong><\/p>\n\n\n\n<p><\/p>\n\n\n\n<div class=\"wp-block-media-text alignwide is-stacked-on-mobile\" style=\"grid-template-columns:18% auto\"><figure class=\"wp-block-media-text__media\"><img loading=\"lazy\" decoding=\"async\" width=\"224\" height=\"224\" src=\"https:\/\/inovhumre.iscte-iul.pt\/wp-content\/uploads\/2022\/02\/Icesi_Paula-Ceron.jpg\" alt=\"\" class=\"wp-image-365 size-full\" srcset=\"https:\/\/inovhumre.iscte-iul.pt\/wp-content\/uploads\/2022\/02\/Icesi_Paula-Ceron.jpg 224w, https:\/\/inovhumre.iscte-iul.pt\/wp-content\/uploads\/2022\/02\/Icesi_Paula-Ceron-150x150.jpg 150w\" sizes=\"auto, (max-width: 224px) 100vw, 224px\" \/><\/figure><div class=\"wp-block-media-text__content\">\n<p><strong>Paula Andrea Cer\u00f3n A<\/strong>,&nbsp;advogada e administradora de empresas. Especialista em direito constitucional, direito publico e avaliadora de indicadores sociais. Mestre em Administra\u00e7\u00e3o P\u00fablica. Professora, investigadora e coordenadora da cl\u00ednica de direitos e do observat\u00f3rio das migra\u00e7\u00f5es da Universidade Icesi. Trabalhou como consultora para temas como a incapacidade, as migra\u00e7\u00f5es, inclus\u00e3o social e projetos sociais. Tem experi\u00eancia na estrutura\u00e7\u00e3o de cursos superiores e forma\u00e7\u00e3o de organiza\u00e7\u00f5es de base.<\/p>\n<\/div><\/div>\n\n\n\n<div class=\"wp-block-media-text alignwide is-stacked-on-mobile\" style=\"grid-template-columns:18% auto\"><figure class=\"wp-block-media-text__media\"><img loading=\"lazy\" decoding=\"async\" width=\"200\" height=\"200\" src=\"https:\/\/inovhumre.iscte-iul.pt\/wp-content\/uploads\/2022\/02\/Icesi_Jorge-Illera.jpg\" alt=\"\" class=\"wp-image-366 size-full\" srcset=\"https:\/\/inovhumre.iscte-iul.pt\/wp-content\/uploads\/2022\/02\/Icesi_Jorge-Illera.jpg 200w, https:\/\/inovhumre.iscte-iul.pt\/wp-content\/uploads\/2022\/02\/Icesi_Jorge-Illera-150x150.jpg 150w\" sizes=\"auto, (max-width: 200px) 100vw, 200px\" \/><\/figure><div class=\"wp-block-media-text__content\">\n<p><strong>Jorge Illera<\/strong>, diretor do GAPI Faculdade de Direito e Ci\u00eancias Sociais do Icesi \u2013 Gapi Diretor do grupo de a\u00e7\u00f5es p\u00fablicas do Departamento de Estudos Jur\u00eddicos e da Academia de Direito. \u00c9 detentor de PhD em Filosofia Doutorado em Ci\u00eancias Jur\u00eddicas pela Pontificia Universidad Cat\u00f3lica Argentina, 2021 Mestre em Direitos Humanos e Democratiza\u00e7\u00e3o pela Universidade Externado de Col\u00f4mbia, 2007 Mestre em Direito Constitucional pela Universidade Externado de Col\u00f4mbia, 2007 Mestre em Direito Administrativo pela Universidad del Cauca, 2003 Bacharel em Direito pela Universidad del Cauca, 2001<\/p>\n<\/div><\/div>\n\n\n\n<p><\/p>\n\n\n\n<p><\/p>\n\n\n\n<div class=\"wp-block-media-text alignwide is-stacked-on-mobile\" style=\"grid-template-columns:18% auto\"><figure class=\"wp-block-media-text__media\"><img loading=\"lazy\" decoding=\"async\" width=\"225\" height=\"225\" src=\"https:\/\/inovhumre.iscte-iul.pt\/wp-content\/uploads\/2022\/02\/Icesi_Mario-Sarria.jpg\" alt=\"\" class=\"wp-image-367 size-full\" srcset=\"https:\/\/inovhumre.iscte-iul.pt\/wp-content\/uploads\/2022\/02\/Icesi_Mario-Sarria.jpg 225w, https:\/\/inovhumre.iscte-iul.pt\/wp-content\/uploads\/2022\/02\/Icesi_Mario-Sarria-150x150.jpg 150w\" sizes=\"auto, (max-width: 225px) 100vw, 225px\" \/><\/figure><div class=\"wp-block-media-text__content\">\n<p><strong>Mario Alberto Cajas Sarria<\/strong>, advogado, especialista em Direito P\u00fablico, Mestre em Direito e PhD em Direito Professor Associado e Coordenador do Departamento de Estudos Legais da Universidade de Icesi. &nbsp;Os seus interesses em investiga\u00e7\u00e3o s\u00e3o: Direito Constitucional, Hist\u00f3ria Jur\u00eddica e Direito Comparativo. Foi ju\u00edz ad-hoc (Conjuez) do Tribunal Distrital Administrativo de Appeals de Valle e tamb\u00e9m da C\u00c2mara Civil e Criminal e da C\u00e2mara Especializada nos Territ\u00f3rios do Tribunal Distrital de Appeals o Cali<\/p>\n<\/div><\/div>\n\n\n\n<p><\/p>\n\n\n\n<p><\/p>\n\n\n\n<div class=\"wp-block-media-text alignwide is-stacked-on-mobile\" style=\"grid-template-columns:18% auto\"><figure class=\"wp-block-media-text__media\"><img loading=\"lazy\" decoding=\"async\" width=\"119\" height=\"62\" src=\"https:\/\/inovhumre.iscte-iul.pt\/wp-content\/uploads\/2022\/02\/icesi.png\" alt=\"\" class=\"wp-image-368 size-full\"\/><\/figure><div class=\"wp-block-media-text__content\">\n<p><strong>Lina Fernanda Buchely-Ibarra<\/strong>, advogada e anaista pol\u00edtica, Mestre em Estudos Jur\u00eddicos e Doutorada em Direito e G\u00e9nero. Professora Associada na Universidade de Icesi e Diretora da OEM. O seu trabalho de investiga\u00e7\u00e3o aborda as quest\u00f5es do direito, desigualdade e distribui\u00e7\u00e3o. Pertence ao quadro de Diretores da FWWB e do Comit\u00e9 Executivo do Red Alas<\/p>\n<\/div><\/div>\n\n\n\n<p><\/p>\n\n\n\n<p><\/p>\n\n\n\n<div class=\"wp-block-media-text alignwide is-stacked-on-mobile\" style=\"grid-template-columns:18% auto\"><figure class=\"wp-block-media-text__media\"><img loading=\"lazy\" decoding=\"async\" width=\"512\" height=\"512\" src=\"https:\/\/inovhumre.iscte-iul.pt\/wp-content\/uploads\/2022\/02\/Icesi_Salome-Arevalo.jpg\" alt=\"\" class=\"wp-image-369 size-full\" srcset=\"https:\/\/inovhumre.iscte-iul.pt\/wp-content\/uploads\/2022\/02\/Icesi_Salome-Arevalo.jpg 512w, https:\/\/inovhumre.iscte-iul.pt\/wp-content\/uploads\/2022\/02\/Icesi_Salome-Arevalo-300x300.jpg 300w, https:\/\/inovhumre.iscte-iul.pt\/wp-content\/uploads\/2022\/02\/Icesi_Salome-Arevalo-150x150.jpg 150w\" sizes=\"auto, (max-width: 512px) 100vw, 512px\" \/><\/figure><div class=\"wp-block-media-text__content\">\n<p><strong>Salome Arias-Arevalo<\/strong>, soci\u00f3loga com mestrado em Estudos Sociais e Pol\u00edticos. Coordenadora de advocacia acad\u00e9mica e pol\u00edtica no Observat\u00f3rio para a Igualdade da Mulher. As suas linhas de investiga\u00e7\u00e3o e experi\u00eancia focam-se no g\u00e9nero e pol\u00edtica p\u00fablica, participa\u00e7\u00e3o e economia feminista<\/p>\n<\/div><\/div>\n\n\n\n<p><\/p>\n","protected":false},"excerpt":{"rendered":"<p>A Icesi \u00e9 uma universidade privada fundada em 1979 por l\u00edderes de neg\u00f3cios locais e que continuam a contribuir significativamente para o Icesi, providenciando apoio financeiro, institucional e networking. Desde a sua funda\u00e7\u00e3o, a universidade tem sistematicamente prosseguido a sua miss\u00e3o: prossecu\u00e7\u00e3o da aprendizagem, descoberta, conhecimento e tomada de a\u00e7\u00e3o para a cria\u00e7\u00e3o de um&hellip;<a href=\"https:\/\/inovhumre.iscte-iul.pt\/index.php\/parceiros\/universidade-icesi\/\" class=\"more-link\">Continue reading <span class=\"screen-reader-text\">Universidade Icesi<\/span><\/a><\/p>\n","protected":false},"author":3,"featured_media":0,"parent":25,"menu_order":9,"comment_status":"closed","ping_status":"closed","template":"","meta":{"footnotes":""},"class_list":["post-244","page","type-page","status-publish","hentry"],"_links":{"self":[{"href":"https:\/\/inovhumre.iscte-iul.pt\/index.php\/wp-json\/wp\/v2\/pages\/244","targetHints":{"allow":["GET"]}}],"collection":[{"href":"https:\/\/inovhumre.iscte-iul.pt\/index.php\/wp-json\/wp\/v2\/pages"}],"about":[{"href":"https:\/\/inovhumre.iscte-iul.pt\/index.php\/wp-json\/wp\/v2\/types\/page"}],"author":[{"embeddable":true,"href":"https:\/\/inovhumre.iscte-iul.pt\/index.php\/wp-json\/wp\/v2\/users\/3"}],"replies":[{"embeddable":true,"href":"https:\/\/inovhumre.iscte-iul.pt\/index.php\/wp-json\/wp\/v2\/comments?post=244"}],"version-history":[{"count":10,"href":"https:\/\/inovhumre.iscte-iul.pt\/index.php\/wp-json\/wp\/v2\/pages\/244\/revisions"}],"predecessor-version":[{"id":547,"href":"https:\/\/inovhumre.iscte-iul.pt\/index.php\/wp-json\/wp\/v2\/pages\/244\/revisions\/547"}],"up":[{"embeddable":true,"href":"https:\/\/inovhumre.iscte-iul.pt\/index.php\/wp-json\/wp\/v2\/pages\/25"}],"wp:attachment":[{"href":"https:\/\/inovhumre.iscte-iul.pt\/index.php\/wp-json\/wp\/v2\/media?parent=244"}],"curies":[{"name":"wp","href":"https:\/\/api.w.org\/{rel}","templated":true}]}}