{"id":235,"date":"2022-02-01T10:16:31","date_gmt":"2022-02-01T10:16:31","guid":{"rendered":"https:\/\/inovhumre.iscte-iul.pt\/?page_id=235"},"modified":"2022-02-02T09:29:18","modified_gmt":"2022-02-02T09:29:18","slug":"sened-dernegi","status":"publish","type":"page","link":"https:\/\/inovhumre.iscte-iul.pt\/index.php\/parceiros\/sened-dernegi\/","title":{"rendered":"Sened Dernegi"},"content":{"rendered":"\n<div class=\"wp-block-media-text alignwide is-stacked-on-mobile is-vertically-aligned-top\"><figure class=\"wp-block-media-text__media\"><a href=\"https:\/\/sened.ngo\/\"><img loading=\"lazy\" decoding=\"async\" width=\"1024\" height=\"531\" src=\"https:\/\/inovhumre.iscte-iul.pt\/wp-content\/uploads\/2022\/02\/Sened_instituicao-1024x531.jpg\" alt=\"\" class=\"wp-image-335 size-full\" srcset=\"https:\/\/inovhumre.iscte-iul.pt\/wp-content\/uploads\/2022\/02\/Sened_instituicao-1024x531.jpg 1024w, https:\/\/inovhumre.iscte-iul.pt\/wp-content\/uploads\/2022\/02\/Sened_instituicao-300x156.jpg 300w, https:\/\/inovhumre.iscte-iul.pt\/wp-content\/uploads\/2022\/02\/Sened_instituicao-768x398.jpg 768w, https:\/\/inovhumre.iscte-iul.pt\/wp-content\/uploads\/2022\/02\/Sened_instituicao-750x389.jpg 750w, https:\/\/inovhumre.iscte-iul.pt\/wp-content\/uploads\/2022\/02\/Sened_instituicao.jpg 1386w\" sizes=\"auto, (max-width: 1024px) 100vw, 1024px\" \/><\/a><\/figure><div class=\"wp-block-media-text__content\">\n<blockquote class=\"wp-block-quote is-layout-flow wp-block-quote-is-layout-flow\"><p><a href=\"https:\/\/sened.ngo\/\" data-type=\"URL\" data-id=\"https:\/\/sened.ngo\/\">Sened Dernegi<\/a> \u00e9 uma organiza\u00e7\u00e3o independente n\u00e3o governamental e sem fins lucrativos estabelecida em 2013 e registada na Turquia com o n\u00famero 27-15-1975. &nbsp;Sened foi estabelecida por um grupo de ativistas sociais e humanit\u00e1rios, respondendo ao sofrimento do povo S\u00edrio, registado desde 2011. <\/p><p>A Sened foi-se especializando no trabalho com pessoas com necessidades especiais desde 2015, devido \u00e0 tomada de consci\u00eancia da trag\u00e9dia tremenda em que as pessoas com necessidades educativas especiais vivem na S\u00edria, durante os per\u00edodos em que visitavam os seus locais.<\/p><\/blockquote>\n<\/div><\/div>\n\n\n\n<p><\/p>\n\n\n\n<p><\/p>\n\n\n\n<p><\/p>\n\n\n\n<p><\/p>\n\n\n\n<p><\/p>\n\n\n\n<p><strong><span class=\"has-inline-color has-vivid-cyan-blue-color\">EQUIPA<\/span><\/strong><\/p>\n\n\n\n<p><\/p>\n\n\n\n<p><\/p>\n\n\n\n<div class=\"wp-block-media-text alignwide is-stacked-on-mobile\" style=\"grid-template-columns:18% auto\"><figure class=\"wp-block-media-text__media\"><img loading=\"lazy\" decoding=\"async\" width=\"376\" height=\"402\" src=\"https:\/\/inovhumre.iscte-iul.pt\/wp-content\/uploads\/2022\/02\/Sened_Erkan.jpg\" alt=\"\" class=\"wp-image-337 size-full\" srcset=\"https:\/\/inovhumre.iscte-iul.pt\/wp-content\/uploads\/2022\/02\/Sened_Erkan.jpg 376w, https:\/\/inovhumre.iscte-iul.pt\/wp-content\/uploads\/2022\/02\/Sened_Erkan-281x300.jpg 281w\" sizes=\"auto, (max-width: 376px) 100vw, 376px\" \/><\/figure><div class=\"wp-block-media-text__content\">\n<p><strong>Erkan Tan\u0131r\u011fan<\/strong> \u00e9 o CEO da Organiza\u00e7\u00e3o Sened. Tem mais de nove anos de experi\u00eancia em gest\u00e3o, team building, desenvolvimento profissional, planeamento estrat\u00e9gico e coordena\u00e7\u00e3o. <\/p>\n\n\n\n<p>Para al\u00e9m da sua experi\u00eancia enquanto gestor, foi volunt\u00e1rio numa organiza\u00e7\u00e3o n\u00e3o governamental de a\u00e7\u00e3o humanit\u00e1ria no apoio a refugiados na Turquia e tamb\u00e9m coordenou grupos de volunt\u00e1rios. \u00c9 formado na \u00e1rea da transforma\u00e7\u00e3o de comportamento.<\/p>\n<\/div><\/div>\n\n\n\n<p><\/p>\n\n\n\n<p><\/p>\n\n\n\n<div class=\"wp-block-media-text alignwide is-stacked-on-mobile\" style=\"grid-template-columns:16% auto\"><figure class=\"wp-block-media-text__media\"><img loading=\"lazy\" decoding=\"async\" width=\"194\" height=\"300\" src=\"https:\/\/inovhumre.iscte-iul.pt\/wp-content\/uploads\/2022\/02\/Sened_Fadi-194x300.jpg\" alt=\"\" class=\"wp-image-338 size-medium\" srcset=\"https:\/\/inovhumre.iscte-iul.pt\/wp-content\/uploads\/2022\/02\/Sened_Fadi-194x300.jpg 194w, https:\/\/inovhumre.iscte-iul.pt\/wp-content\/uploads\/2022\/02\/Sened_Fadi.jpg 335w\" sizes=\"auto, (max-width: 194px) 100vw, 194px\" \/><\/figure><div class=\"wp-block-media-text__content\">\n<p><strong>Fabi Arabo<\/strong> \u00e9 Gestor de projetos na Organiza\u00e7\u00e3o Sened. Tem mais de sete anos de experi\u00eancia a trabalhar na \u00e1rea da a\u00e7\u00e3o humanit\u00e1ria, em diferentes organiza\u00e7\u00f5es n\u00e3o governamentais locais e internacionais, no apoio a refugiados s\u00edrios.<\/p>\n\n\n\n<p>Fadi tem especializa\u00e7\u00e3o em projetos de gest\u00e3o da educa\u00e7\u00e3o, prote\u00e7\u00e3o e subsist\u00eancia que apoiam pessoas com defici\u00eancia na S\u00edria e Turquia. Possui um diploma de bacharelato em Arqueologia pela Universidade de Alepo, 2011.<\/p>\n<\/div><\/div>\n\n\n\n<p><\/p>\n\n\n\n<p><\/p>\n\n\n\n<div class=\"wp-block-media-text alignwide is-stacked-on-mobile\" style=\"grid-template-columns:18% auto\"><figure class=\"wp-block-media-text__media\"><img loading=\"lazy\" decoding=\"async\" width=\"243\" height=\"300\" src=\"https:\/\/inovhumre.iscte-iul.pt\/wp-content\/uploads\/2022\/02\/Sened_Erdam-243x300.jpg\" alt=\"\" class=\"wp-image-339 size-medium\" srcset=\"https:\/\/inovhumre.iscte-iul.pt\/wp-content\/uploads\/2022\/02\/Sened_Erdam-243x300.jpg 243w, https:\/\/inovhumre.iscte-iul.pt\/wp-content\/uploads\/2022\/02\/Sened_Erdam.jpg 359w\" sizes=\"auto, (max-width: 243px) 100vw, 243px\" \/><\/figure><div class=\"wp-block-media-text__content\">\n<p><strong>Erdem Yaman<\/strong> trabalha com Coordenador da prote\u00e7\u00e3o na Organiza\u00e7\u00e3o Sened e \u00e9 respons\u00e1vel pela coordena\u00e7\u00e3o das atividades do projeto na Turquia. <\/p>\n\n\n\n<p>Tem mais de sete anos de experi\u00eancia em opera\u00e7\u00f5es de ajuda humanit\u00e1ria em organiza\u00e7\u00f5es n\u00e3o governamentais, com especializa\u00e7\u00e3o no setor da prote\u00e7\u00e3o e gest\u00e3o de casos. Tem um mestrado em engenharia civil e est\u00e1 a tirar o doutoramento na Universidade Gaziantep<\/p>\n<\/div><\/div>\n","protected":false},"excerpt":{"rendered":"<p>Sened Dernegi \u00e9 uma organiza\u00e7\u00e3o independente n\u00e3o governamental e sem fins lucrativos estabelecida em 2013 e registada na Turquia com o n\u00famero 27-15-1975. &nbsp;Sened foi estabelecida por um grupo de ativistas sociais e humanit\u00e1rios, respondendo ao sofrimento do povo S\u00edrio, registado desde 2011. A Sened foi-se especializando no trabalho com pessoas com necessidades especiais desde&hellip;<a href=\"https:\/\/inovhumre.iscte-iul.pt\/index.php\/parceiros\/sened-dernegi\/\" class=\"more-link\">Continue reading <span class=\"screen-reader-text\">Sened Dernegi<\/span><\/a><\/p>\n","protected":false},"author":3,"featured_media":0,"parent":25,"menu_order":6,"comment_status":"closed","ping_status":"closed","template":"","meta":{"footnotes":""},"class_list":["post-235","page","type-page","status-publish","hentry"],"_links":{"self":[{"href":"https:\/\/inovhumre.iscte-iul.pt\/index.php\/wp-json\/wp\/v2\/pages\/235","targetHints":{"allow":["GET"]}}],"collection":[{"href":"https:\/\/inovhumre.iscte-iul.pt\/index.php\/wp-json\/wp\/v2\/pages"}],"about":[{"href":"https:\/\/inovhumre.iscte-iul.pt\/index.php\/wp-json\/wp\/v2\/types\/page"}],"author":[{"embeddable":true,"href":"https:\/\/inovhumre.iscte-iul.pt\/index.php\/wp-json\/wp\/v2\/users\/3"}],"replies":[{"embeddable":true,"href":"https:\/\/inovhumre.iscte-iul.pt\/index.php\/wp-json\/wp\/v2\/comments?post=235"}],"version-history":[{"count":15,"href":"https:\/\/inovhumre.iscte-iul.pt\/index.php\/wp-json\/wp\/v2\/pages\/235\/revisions"}],"predecessor-version":[{"id":543,"href":"https:\/\/inovhumre.iscte-iul.pt\/index.php\/wp-json\/wp\/v2\/pages\/235\/revisions\/543"}],"up":[{"embeddable":true,"href":"https:\/\/inovhumre.iscte-iul.pt\/index.php\/wp-json\/wp\/v2\/pages\/25"}],"wp:attachment":[{"href":"https:\/\/inovhumre.iscte-iul.pt\/index.php\/wp-json\/wp\/v2\/media?parent=235"}],"curies":[{"name":"wp","href":"https:\/\/api.w.org\/{rel}","templated":true}]}}