{"id":232,"date":"2022-02-01T10:15:24","date_gmt":"2022-02-01T10:15:24","guid":{"rendered":"https:\/\/inovhumre.iscte-iul.pt\/?page_id=232"},"modified":"2022-02-02T09:19:17","modified_gmt":"2022-02-02T09:19:17","slug":"universidade-hacettepe","status":"publish","type":"page","link":"https:\/\/inovhumre.iscte-iul.pt\/index.php\/parceiros\/universidade-hacettepe\/","title":{"rendered":"Universidade Hacettepe"},"content":{"rendered":"\n<div class=\"wp-block-media-text alignwide is-stacked-on-mobile is-vertically-aligned-top\" style=\"grid-template-columns:39% auto\"><figure class=\"wp-block-media-text__media\"><a href=\"https:\/\/www.hacettepe.edu.tr\/english\"><img loading=\"lazy\" decoding=\"async\" width=\"1024\" height=\"573\" src=\"https:\/\/inovhumre.iscte-iul.pt\/wp-content\/uploads\/2022\/02\/Hacettepe_instituicao-1-1024x573.jpg\" alt=\"\" class=\"wp-image-326 size-full\" srcset=\"https:\/\/inovhumre.iscte-iul.pt\/wp-content\/uploads\/2022\/02\/Hacettepe_instituicao-1-1024x573.jpg 1024w, https:\/\/inovhumre.iscte-iul.pt\/wp-content\/uploads\/2022\/02\/Hacettepe_instituicao-1-300x168.jpg 300w, https:\/\/inovhumre.iscte-iul.pt\/wp-content\/uploads\/2022\/02\/Hacettepe_instituicao-1-768x430.jpg 768w, https:\/\/inovhumre.iscte-iul.pt\/wp-content\/uploads\/2022\/02\/Hacettepe_instituicao-1-750x420.jpg 750w, https:\/\/inovhumre.iscte-iul.pt\/wp-content\/uploads\/2022\/02\/Hacettepe_instituicao-1.jpg 1200w\" sizes=\"auto, (max-width: 1024px) 100vw, 1024px\" \/><\/a><\/figure><div class=\"wp-block-media-text__content\">\n<blockquote class=\"wp-block-quote is-layout-flow wp-block-quote-is-layout-flow\"><p>A <a href=\"https:\/\/www.hacettepe.edu.tr\/english\" data-type=\"URL\" data-id=\"https:\/\/www.hacettepe.edu.tr\/english\">Hacettepe University<\/a> foi fundada a 08 de julho de 1967 por decreto de Lei n\u00ba 892, dando seguimento \u00e0 sua contribui\u00e7\u00e3o para o desenvolvimento social e valores universais na \u00e1rea da ci\u00eancias, tecnologia e arte. Possui 16 Faculdades, 15 Institutos, 4 Escolas Profissionais, 2 Col\u00e9gios, 1 Conservat\u00f3rio e 98 Centros de Pesquisa e \u00e9 hoje em dia uma das universidades l\u00edderes na Gr\u00e9cia. <\/p><p>A miss\u00e3o da Universidade de Hacettepe, como uma universidade orientada para a investiga\u00e7\u00e3o, \u00e9 formar pessoas altamente qualificadas, abertas \u00e0 mudan\u00e7a e ao desenvolvimento na \u00e1rea das ci\u00eancias, tecnologia e arte assente nos valores universais, providenciando conhecimento, servi\u00e7os e tecnologia que beneficiam a comunidade. O departamento de servi\u00e7o social foi integrado na Universidade de Hacettepe com a designa\u00e7\u00e3o de Escola de Servi\u00e7o Social em 1982, no Instituto Superior de Direito, com a participa\u00e7\u00e3o do Departamento de Servi\u00e7o Social, que foi estabelecido dentro da Faculdade de Administra\u00e7\u00e3o e Ci\u00eancias Sociais da Universidade de Hacettepe em 1967. A partir de abril de 2006, foi inclu\u00edda na Faculdade de Economia e Ci\u00eancias Administrativas da Universidade de Hacettepe como \u201cDepartamento de Servi\u00e7o Social\u201d<\/p><\/blockquote>\n<\/div><\/div>\n\n\n\n<p><strong><span class=\"has-inline-color has-vivid-cyan-blue-color\">EQUIPA<\/span><\/strong><\/p>\n\n\n\n<p><\/p>\n\n\n\n<div class=\"wp-block-media-text alignwide is-stacked-on-mobile\" style=\"grid-template-columns:18% auto\"><figure class=\"wp-block-media-text__media\"><img loading=\"lazy\" decoding=\"async\" width=\"231\" height=\"239\" src=\"https:\/\/inovhumre.iscte-iul.pt\/wp-content\/uploads\/2022\/02\/Hacettepe_Reyhan-Atasu.jpg\" alt=\"\" class=\"wp-image-328 size-full\"\/><\/figure><div class=\"wp-block-media-text__content\">\n<p><strong>Reyhan Atas\u00fc Topcuo\u011flu<\/strong> obteve o seu B.A em Economia pela Universidade de Bilkent,&nbsp; o seu primeiro M.A em Sociologia pela Universidade de Middle East Technical e o seu segundo M.A em servi\u00e7o social pela Universidade de Hacettepe. Obteve o seu Ph.D em sociologia na universidade de Humboldt. Atualmente \u00e9 professora na Universidade de Hacettepe, no departamento de Servi\u00e7o Social. <\/p>\n\n\n\n<p>As suas \u00e1reas de interesse em investiga\u00e7\u00e3o s\u00e3o as migra\u00e7\u00f5es, refugiados, tr\u00e1fico humano, pol\u00edtica social e servi\u00e7o social, pol\u00edtica de cuidados, direitos humanos e teoria feminista.<\/p>\n<\/div><\/div>\n\n\n\n<div class=\"wp-block-media-text alignwide is-stacked-on-mobile\" style=\"grid-template-columns:19% auto\"><figure class=\"wp-block-media-text__media\"><img loading=\"lazy\" decoding=\"async\" width=\"256\" height=\"300\" src=\"https:\/\/inovhumre.iscte-iul.pt\/wp-content\/uploads\/2022\/02\/Hacettepe_Gokhan-Topcu-256x300.jpg\" alt=\"\" class=\"wp-image-329 size-medium\" srcset=\"https:\/\/inovhumre.iscte-iul.pt\/wp-content\/uploads\/2022\/02\/Hacettepe_Gokhan-Topcu-256x300.jpg 256w, https:\/\/inovhumre.iscte-iul.pt\/wp-content\/uploads\/2022\/02\/Hacettepe_Gokhan-Topcu.jpg 265w\" sizes=\"auto, (max-width: 256px) 100vw, 256px\" \/><\/figure><div class=\"wp-block-media-text__content\">\n<p><strong>G\u00f6khan Top\u00e7u<\/strong> obteve o seu B.A em sociologia na METU. Obteve o seu Ph.D em Servi\u00e7o Social pela Universidade de Hacettepe. Atualmente \u00e9 investigador assistente na Universidade de Hacettepe. As suas \u00e1reas de interesse na investiga\u00e7\u00e3o s\u00e3o g\u00e9nero, pol\u00edtica social, parentalidade, trabalho social e masculinidade<\/p>\n<\/div><\/div>\n\n\n\n<div class=\"wp-block-media-text alignwide is-stacked-on-mobile\" style=\"grid-template-columns:18% auto\"><figure class=\"wp-block-media-text__media\"><img loading=\"lazy\" decoding=\"async\" width=\"253\" height=\"283\" src=\"https:\/\/inovhumre.iscte-iul.pt\/wp-content\/uploads\/2022\/02\/Hacettepe_Gorkem-Kelebek.jpg\" alt=\"\" class=\"wp-image-330 size-full\"\/><\/figure><div class=\"wp-block-media-text__content\">\n<p><strong>G\u00f6rkem Kelebek K\u00fc\u00e7\u00fckarslan<\/strong> obteve o seu B.A. e M.A em Servi\u00e7o Social pela Universidade de Hacettepe. Atualmente est\u00e1 a tirar o seu PhD em Servi\u00e7o Social na Universidade de Hacettepe. Trabalha na Universidade de Hacettepe como investigadora assistente os seus interesses de investiga\u00e7\u00e3o s\u00e3o em servi\u00e7o social, g\u00e9nero, teoria feminista, div\u00f3rcio, viol\u00eancia com base no g\u00e9nero<\/p>\n<\/div><\/div>\n\n\n\n<p><\/p>\n\n\n\n<p><\/p>\n\n\n\n<div class=\"wp-block-media-text alignwide is-stacked-on-mobile\" style=\"grid-template-columns:18% auto\"><figure class=\"wp-block-media-text__media\"><img loading=\"lazy\" decoding=\"async\" width=\"216\" height=\"255\" src=\"https:\/\/inovhumre.iscte-iul.pt\/wp-content\/uploads\/2022\/02\/Hacettepe_hanka-Sakarya.jpg\" alt=\"\" class=\"wp-image-331 size-full\"\/><\/figure><div class=\"wp-block-media-text__content\">\n<p><strong>Hakan Sakarya<\/strong> recebeu o seu B.A em servi\u00e7o Social pela Universidade de Hacettepe e o seu M.A em Servi\u00e7o Social pela Universidade Manisa Celal Bayar. Atulaalente esta a tirar o seu PhD em Servi\u00e7o Social na Universidade de Hacettepe. Trabalha na Universidade de Hacettepe como investigadora assistente e os seus interesses na investiga\u00e7\u00e3o s\u00e3o na \u00e1rea das migra\u00e7\u00f5es, refugiados, servi\u00e7o social e militar<\/p>\n<\/div><\/div>\n","protected":false},"excerpt":{"rendered":"<p>A Hacettepe University foi fundada a 08 de julho de 1967 por decreto de Lei n\u00ba 892, dando seguimento \u00e0 sua contribui\u00e7\u00e3o para o desenvolvimento social e valores universais na \u00e1rea da ci\u00eancias, tecnologia e arte. Possui 16 Faculdades, 15 Institutos, 4 Escolas Profissionais, 2 Col\u00e9gios, 1 Conservat\u00f3rio e 98 Centros de Pesquisa e \u00e9&hellip;<a href=\"https:\/\/inovhumre.iscte-iul.pt\/index.php\/parceiros\/universidade-hacettepe\/\" class=\"more-link\">Continue reading <span class=\"screen-reader-text\">Universidade Hacettepe<\/span><\/a><\/p>\n","protected":false},"author":3,"featured_media":0,"parent":25,"menu_order":5,"comment_status":"closed","ping_status":"closed","template":"","meta":{"footnotes":""},"class_list":["post-232","page","type-page","status-publish","hentry"],"_links":{"self":[{"href":"https:\/\/inovhumre.iscte-iul.pt\/index.php\/wp-json\/wp\/v2\/pages\/232","targetHints":{"allow":["GET"]}}],"collection":[{"href":"https:\/\/inovhumre.iscte-iul.pt\/index.php\/wp-json\/wp\/v2\/pages"}],"about":[{"href":"https:\/\/inovhumre.iscte-iul.pt\/index.php\/wp-json\/wp\/v2\/types\/page"}],"author":[{"embeddable":true,"href":"https:\/\/inovhumre.iscte-iul.pt\/index.php\/wp-json\/wp\/v2\/users\/3"}],"replies":[{"embeddable":true,"href":"https:\/\/inovhumre.iscte-iul.pt\/index.php\/wp-json\/wp\/v2\/comments?post=232"}],"version-history":[{"count":8,"href":"https:\/\/inovhumre.iscte-iul.pt\/index.php\/wp-json\/wp\/v2\/pages\/232\/revisions"}],"predecessor-version":[{"id":538,"href":"https:\/\/inovhumre.iscte-iul.pt\/index.php\/wp-json\/wp\/v2\/pages\/232\/revisions\/538"}],"up":[{"embeddable":true,"href":"https:\/\/inovhumre.iscte-iul.pt\/index.php\/wp-json\/wp\/v2\/pages\/25"}],"wp:attachment":[{"href":"https:\/\/inovhumre.iscte-iul.pt\/index.php\/wp-json\/wp\/v2\/media?parent=232"}],"curies":[{"name":"wp","href":"https:\/\/api.w.org\/{rel}","templated":true}]}}