{"id":223,"date":"2022-02-01T10:10:46","date_gmt":"2022-02-01T10:10:46","guid":{"rendered":"https:\/\/inovhumre.iscte-iul.pt\/?page_id=223"},"modified":"2022-02-14T15:40:31","modified_gmt":"2022-02-14T15:40:31","slug":"instituto-marques-de-valle-flor","status":"publish","type":"page","link":"https:\/\/inovhumre.iscte-iul.pt\/index.php\/parceiros\/instituto-marques-de-valle-flor\/","title":{"rendered":"Instituto Marqu\u00eas de Valle Fl\u00f4r"},"content":{"rendered":"\n<div class=\"wp-block-group alignwide\"><div class=\"wp-block-group__inner-container is-layout-flow wp-block-group-is-layout-flow\">\n<div class=\"wp-block-columns alignwide is-layout-flex wp-container-core-columns-is-layout-9d6595d7 wp-block-columns-is-layout-flex\">\n<div class=\"wp-block-column is-vertically-aligned-top is-layout-flow wp-block-column-is-layout-flow\" style=\"flex-basis:41%\">\n<div class=\"wp-block-image\"><figure class=\"aligncenter\"><a href=\"http:\/\/www.imvf.org\/en\/home\/\"><img loading=\"lazy\" decoding=\"async\" width=\"1024\" height=\"640\" src=\"https:\/\/inovhumre.iscte-iul.pt\/wp-content\/uploads\/2022\/02\/IMVF_instituicao2-1.jpg\" alt=\"\" class=\"wp-image-293\" srcset=\"https:\/\/inovhumre.iscte-iul.pt\/wp-content\/uploads\/2022\/02\/IMVF_instituicao2-1.jpg 1024w, https:\/\/inovhumre.iscte-iul.pt\/wp-content\/uploads\/2022\/02\/IMVF_instituicao2-1-300x188.jpg 300w, https:\/\/inovhumre.iscte-iul.pt\/wp-content\/uploads\/2022\/02\/IMVF_instituicao2-1-768x480.jpg 768w, https:\/\/inovhumre.iscte-iul.pt\/wp-content\/uploads\/2022\/02\/IMVF_instituicao2-1-750x469.jpg 750w\" sizes=\"auto, (max-width: 1024px) 100vw, 1024px\" \/><\/a><\/figure><\/div>\n<\/div>\n\n\n\n<div class=\"wp-block-column is-layout-flow wp-block-column-is-layout-flow\" style=\"flex-basis:59%\">\n<blockquote class=\"wp-block-quote is-layout-flow wp-block-quote-is-layout-flow\"><p>Criado em 1951 como uma organiza\u00e7\u00e3o privada de utilidade p\u00fablica. O <a href=\"http:\/\/www.imvf.org\/en\/home\/\" data-type=\"URL\" data-id=\"http:\/\/www.imvf.org\/en\/home\/\">IMVF <\/a>\u00e9 uma funda\u00e7\u00e3o para desenvolvimento e coopera\u00e7\u00e3o que iniciou a sua atividade como ONGD em 1988, em S\u00e3o Tom\u00e9 e Pr\u00edncipe. Desde os anos 90, temos expandido a nossa a\u00e7\u00e3o par outros pa\u00edses, maioritariamente pa\u00edses de L\u00edngua Oficial Portuguesa e alargamos o nosso leque de interven\u00e7\u00e3o. Em 2017 ampliamos novamente a nossa esfera de atividades para novas localidades em Africa e tamb\u00e9m na Am\u00e9rica Latina. Os resultados alcan\u00e7ados tornaram o IMVF num ator chave em diferentes \u00e1reas de expertise e interven\u00e7\u00e3o como Coopera\u00e7\u00e3o e Desenvolvimento<\/p><\/blockquote>\n<\/div>\n<\/div>\n<\/div><\/div>\n\n\n\n<p><span class=\"has-inline-color has-vivid-cyan-blue-color\"><strong>EQUIPA<\/strong><\/span><\/p>\n\n\n\n<div class=\"wp-block-media-text alignwide is-stacked-on-mobile\" style=\"grid-template-columns:18% auto\"><figure class=\"wp-block-media-text__media\"><img loading=\"lazy\" decoding=\"async\" width=\"300\" height=\"330\" src=\"https:\/\/inovhumre.iscte-iul.pt\/wp-content\/uploads\/2022\/02\/IMVF_Teresa.jpg\" alt=\"\" class=\"wp-image-294 size-full\" srcset=\"https:\/\/inovhumre.iscte-iul.pt\/wp-content\/uploads\/2022\/02\/IMVF_Teresa.jpg 300w, https:\/\/inovhumre.iscte-iul.pt\/wp-content\/uploads\/2022\/02\/IMVF_Teresa-273x300.jpg 273w\" sizes=\"auto, (max-width: 300px) 100vw, 300px\" \/><\/figure><div class=\"wp-block-media-text__content\">\n<p><strong>Teresa Sousa<\/strong>, a trabalhar no IMVF desde outubro de 2015. \u00c9 respons\u00e1vel pela capacita\u00e7\u00e3o da sociedade civil e planeamento de projetos de agricultura na Guin\u00e9-Bissau, S\u00e3o Tom\u00e9 e Pr\u00edncipe e G\u00e2mbia. Trabalhou em projetos em Angola, Mo\u00e7ambique, Indon\u00e9sia e pa\u00edses da Am\u00e9rica Latina.\u00a0 Tem licenciatura em Economia pela Universidade Nova de Lisboa e um mestrado em Desenvolvimento e Coopera\u00e7\u00e3o internacional pelo ISEG \u2013 Universidade de Lisboa.<\/p>\n<\/div><\/div>\n\n\n\n<p><\/p>\n","protected":false},"excerpt":{"rendered":"<p>Criado em 1951 como uma organiza\u00e7\u00e3o privada de utilidade p\u00fablica. O IMVF \u00e9 uma funda\u00e7\u00e3o para desenvolvimento e coopera\u00e7\u00e3o que iniciou a sua atividade como ONGD em 1988, em S\u00e3o Tom\u00e9 e Pr\u00edncipe. Desde os anos 90, temos expandido a nossa a\u00e7\u00e3o par outros pa\u00edses, maioritariamente pa\u00edses de L\u00edngua Oficial Portuguesa e alargamos o nosso&hellip;<a href=\"https:\/\/inovhumre.iscte-iul.pt\/index.php\/parceiros\/instituto-marques-de-valle-flor\/\" class=\"more-link\">Continue reading <span class=\"screen-reader-text\">Instituto Marqu\u00eas de Valle Fl\u00f4r<\/span><\/a><\/p>\n","protected":false},"author":3,"featured_media":0,"parent":25,"menu_order":2,"comment_status":"closed","ping_status":"closed","template":"","meta":{"footnotes":""},"class_list":["post-223","page","type-page","status-publish","hentry"],"_links":{"self":[{"href":"https:\/\/inovhumre.iscte-iul.pt\/index.php\/wp-json\/wp\/v2\/pages\/223","targetHints":{"allow":["GET"]}}],"collection":[{"href":"https:\/\/inovhumre.iscte-iul.pt\/index.php\/wp-json\/wp\/v2\/pages"}],"about":[{"href":"https:\/\/inovhumre.iscte-iul.pt\/index.php\/wp-json\/wp\/v2\/types\/page"}],"author":[{"embeddable":true,"href":"https:\/\/inovhumre.iscte-iul.pt\/index.php\/wp-json\/wp\/v2\/users\/3"}],"replies":[{"embeddable":true,"href":"https:\/\/inovhumre.iscte-iul.pt\/index.php\/wp-json\/wp\/v2\/comments?post=223"}],"version-history":[{"count":8,"href":"https:\/\/inovhumre.iscte-iul.pt\/index.php\/wp-json\/wp\/v2\/pages\/223\/revisions"}],"predecessor-version":[{"id":560,"href":"https:\/\/inovhumre.iscte-iul.pt\/index.php\/wp-json\/wp\/v2\/pages\/223\/revisions\/560"}],"up":[{"embeddable":true,"href":"https:\/\/inovhumre.iscte-iul.pt\/index.php\/wp-json\/wp\/v2\/pages\/25"}],"wp:attachment":[{"href":"https:\/\/inovhumre.iscte-iul.pt\/index.php\/wp-json\/wp\/v2\/media?parent=223"}],"curies":[{"name":"wp","href":"https:\/\/api.w.org\/{rel}","templated":true}]}}