{"id":216,"date":"2022-02-01T09:56:26","date_gmt":"2022-02-01T09:56:26","guid":{"rendered":"https:\/\/inovhumre.iscte-iul.pt\/?page_id=216"},"modified":"2022-07-12T10:31:18","modified_gmt":"2022-07-12T10:31:18","slug":"iscte-instituto-universitario-de-lisboa","status":"publish","type":"page","link":"https:\/\/inovhumre.iscte-iul.pt\/index.php\/parceiros\/iscte-instituto-universitario-de-lisboa\/","title":{"rendered":"ISCTE &#8211; Instituto Universit\u00e1rio de Lisboa"},"content":{"rendered":"\n<p><\/p>\n\n\n\n<div class=\"wp-block-media-text alignwide is-stacked-on-mobile is-vertically-aligned-top\" style=\"grid-template-columns:33% auto\"><figure class=\"wp-block-media-text__media\"><a href=\"https:\/\/www.iscte-iul.pt\/\"><img loading=\"lazy\" decoding=\"async\" width=\"425\" height=\"282\" src=\"https:\/\/inovhumre.iscte-iul.pt\/wp-content\/uploads\/2022\/02\/Picture-2-2.jpg\" alt=\"\" class=\"wp-image-493 size-full\" srcset=\"https:\/\/inovhumre.iscte-iul.pt\/wp-content\/uploads\/2022\/02\/Picture-2-2.jpg 425w, https:\/\/inovhumre.iscte-iul.pt\/wp-content\/uploads\/2022\/02\/Picture-2-2-300x199.jpg 300w\" sizes=\"auto, (max-width: 425px) 100vw, 425px\" \/><\/a><\/figure><div class=\"wp-block-media-text__content\">\n<blockquote class=\"wp-block-quote is-layout-flow wp-block-quote-is-layout-flow\"><p>Fundada em 1972, o <a href=\"https:\/\/www.iscte-iul.pt\/\" data-type=\"URL\" data-id=\"https:\/\/www.iscte-iul.pt\/\">Iscte<\/a> \u00e9 uma universidade p\u00fablica de elevada qualidade distinguida pela sua forte componente em estudos de p\u00f3s-gradua\u00e7\u00e3o e pesquisa cient\u00edfica. <\/p><p>Acolhe aproximadamente 10.000 alunos em licenciaturas e programas de p\u00f3s-gradua\u00e7\u00e3o nas suas 4 escolas: Escola de Ci\u00eancias Socias e Humanas; Escola de Sociologia e Pol\u00edticas P\u00fablicas; Escola de Gest\u00e3o; Escola de Tecnologias e Arquitetura. <\/p><p>A internacionaliza\u00e7\u00e3o \u00e9 um dos pilares da estrat\u00e9gia de crescimento do Iscte, contando com quase 20% de alunos internacionais, dentro do seu corpo discente. A universidade est\u00e1 envolvida em projetos de coopera\u00e7\u00e3o, redes e parceiras \u00e0 escala mundial. Em setembro de 2021 foi divulgado THE World University Ranking 2022, que coloca o Iscte no Top 800 das melhores universidades do mundo, nas \u00e1reas da Gest\u00e3o e Economia; Humanidades, Ci\u00eancias Socias e Pol\u00edticas Publicas; Tecnologias e Arquitetura.<\/p><\/blockquote>\n<\/div><\/div>\n\n\n\n<p><\/p>\n\n\n\n<p><strong><span class=\"has-inline-color has-vivid-cyan-blue-color\">EQUIPA<\/span><\/strong><\/p>\n\n\n\n<div class=\"wp-block-media-text alignwide is-stacked-on-mobile is-vertically-aligned-top\" style=\"grid-template-columns:18% auto\"><figure class=\"wp-block-media-text__media\"><img loading=\"lazy\" decoding=\"async\" width=\"428\" height=\"428\" src=\"https:\/\/inovhumre.iscte-iul.pt\/wp-content\/uploads\/2022\/02\/Iscte_paulo-pedroso-1.jpg\" alt=\"\" class=\"wp-image-262 size-full\" srcset=\"https:\/\/inovhumre.iscte-iul.pt\/wp-content\/uploads\/2022\/02\/Iscte_paulo-pedroso-1.jpg 428w, https:\/\/inovhumre.iscte-iul.pt\/wp-content\/uploads\/2022\/02\/Iscte_paulo-pedroso-1-300x300.jpg 300w, https:\/\/inovhumre.iscte-iul.pt\/wp-content\/uploads\/2022\/02\/Iscte_paulo-pedroso-1-150x150.jpg 150w\" sizes=\"auto, (max-width: 428px) 100vw, 428px\" \/><\/figure><div class=\"wp-block-media-text__content\">\n<p><strong>Paulo Pedroso<\/strong> nasceu em 1965. \u00c9 soci\u00f3logo e atualmente leciona Ci\u00eancia Pol\u00edtica no Departamento de Ci\u00eancia Pol\u00edtica e Pol\u00edticas P\u00fablicas do ISCTE-IUL. Foi Diretor Executivo Suplente do Grupo do Banco Mundial (2018 \u2013 2020). <\/p>\n\n\n\n<p>Enquanto pol\u00edtico foi Ministro do Trabalho e da Solidariedade (2001-2002), Secret\u00e1rio de Estado do Trabalho e Forma\u00e7\u00e3o (1997-2001) e Membro do Parlamento entre 1999-2005 e 2008-2009. Foi consultor internacional do Ministro da Solidariedade da Rep\u00fablica Democr\u00e1tica de Timor-Leste (2013-2014). <\/p>\n\n\n\n<p>Implementou a avalia\u00e7\u00e3o de pol\u00edtica p\u00fablica em Portugal, S\u00e3o Tom\u00e9 e Pr\u00edncipe e Turquia. Atualmente coordena a equipa de avalia\u00e7\u00e3o do PANORAMED, a Plataforma de Governan\u00e7a da INTERREG Med. <\/p>\n\n\n\n<p>Foi coordenador de equipa e expert nos projetos t\u00e9cnicos de assist\u00eancia financiados pela EU na Rom\u00e9nia, Turquia e Bulg\u00e1ria. Atualmente trabalha na assist\u00eancia t\u00e9cnica \u00e0 gest\u00e3o da seguran\u00e7a social em Angola e Timor-Leste.<\/p>\n<\/div><\/div>\n\n\n\n<div style=\"height:39px\" aria-hidden=\"true\" class=\"wp-block-spacer\"><\/div>\n\n\n\n<div style=\"height:0px\" aria-hidden=\"true\" class=\"wp-block-spacer\"><\/div>\n\n\n\n<div class=\"wp-block-media-text alignwide is-stacked-on-mobile is-vertically-aligned-top\" style=\"grid-template-columns:18% auto\"><figure class=\"wp-block-media-text__media\"><img loading=\"lazy\" decoding=\"async\" width=\"220\" height=\"220\" src=\"https:\/\/inovhumre.iscte-iul.pt\/wp-content\/uploads\/2022\/02\/Iscte_joana-azevedo-3.jpg\" alt=\"\" class=\"wp-image-269 size-full\" srcset=\"https:\/\/inovhumre.iscte-iul.pt\/wp-content\/uploads\/2022\/02\/Iscte_joana-azevedo-3.jpg 220w, https:\/\/inovhumre.iscte-iul.pt\/wp-content\/uploads\/2022\/02\/Iscte_joana-azevedo-3-150x150.jpg 150w\" sizes=\"auto, (max-width: 220px) 100vw, 220px\" \/><\/figure><div class=\"wp-block-media-text__content\">\n<p class=\"has-normal-font-size\"><strong>Joana Azevedo<\/strong> \u00e9 professora assistente no Departamento de Sociologia do ISCTE -IUL e investigadora no Centro de Investiga\u00e7\u00e3o e Estudos de Sociologia (CIES \u2013 ISCTE), \u00e9 Co-Diretora do Mestrado em A\u00e7\u00e3o Humanit\u00e1ria, um programa conjunto oferecido pela Escola de Sociologia e Pol\u00edticas P\u00fablicas e o Iscte Business School.<\/p>\n\n\n\n<p class=\"has-normal-font-size\">\u00c9 coordenadora executiva do Observat\u00f3rio para a Emigra\u00e7\u00e3o (OEM) e membro do Observat\u00f3rio para a Comunica\u00e7\u00e3o (OberCom). <\/p>\n\n\n\n<p class=\"has-normal-font-size\">\u00c9 doutorada em Teoria Social e Investiga\u00e7\u00e3o pela Universidade La Sapienza em Roma. Tem uma p\u00f3s-gradua\u00e7\u00e3o em An\u00e1lise se Dados em Ci\u00eancias Sociais e licenciatura em Sociologia pelo ISCTE. Desde 2011 leciona no ISCTE na \u00e1rea da sociologia, ci\u00eancias da comunica\u00e7\u00e3o, migra\u00e7\u00f5es e a\u00e7\u00e3o humanit\u00e1ria e m\u00e9todos de pesquisa em ci\u00eancia social.<\/p>\n\n\n\n<div style=\"height:32px\" aria-hidden=\"true\" class=\"wp-block-spacer\"><\/div>\n<\/div><\/div>\n\n\n\n<div class=\"wp-block-media-text alignwide is-stacked-on-mobile is-vertically-aligned-top\" style=\"grid-template-columns:18% auto\"><figure class=\"wp-block-media-text__media\"><img loading=\"lazy\" decoding=\"async\" width=\"89\" height=\"100\" src=\"https:\/\/inovhumre.iscte-iul.pt\/wp-content\/uploads\/2022\/07\/Iscte_jorge-ferreira.jpg\" alt=\"\" class=\"wp-image-761 size-full\"\/><\/figure><div class=\"wp-block-media-text__content\">\n<p class=\"has-text-align-left\" style=\"font-size:16px\"><strong>Jorge Ferreira<\/strong>, Doutor em Servi\u00e7o Social na especialidade de Servi\u00e7o Social, Pol\u00edticas Sociais e Sociedade, (Aprovado com Distin\u00e7\u00e3o e Louvor) realizado em associa\u00e7\u00e3o entre ISCTE\/ISSSL, sobre o tema: Servi\u00e7o Social e Modelos de Bem-Estar para a Inf\u00e2ncia. Modus Operandi do Assistente Social na Promo\u00e7\u00e3o da Prote\u00e7\u00e3o \u00e0 Crian\u00e7a e \u00e0 Fam\u00edlia. Mestrado em Servi\u00e7o Social sobre o tema, Interven\u00e7\u00e3o Social e Interven\u00e7\u00e3o Judicial no problema Crian\u00e7a Maltratada. Rela\u00e7\u00e3o e\/ou Intersec\u00e7\u00e3o (ISSSL; 1998), ap\u00f3s a Licenciatura em Servi\u00e7o Social (ISSSL;1990).<\/p>\n\n\n\n<p class=\"has-text-align-left\" style=\"font-size:16px\">Realiza\u00e7\u00e3o de um curso p\u00f3s-graduado no Instituto Superior de Psicologia Aplicada &#8211; Hist\u00f3ria das Ideias e das grandes Doutrinas em criminologia (ISPA: 1993), frequ\u00eancia do ano Zero \u00abAbordagem Sist\u00e9mica\u00bb do curso de Terapia Familiar (Associa\u00e7\u00e3o Portuguesa de terapia Familiar: 1997), realiza\u00e7\u00e3o de provas de Aptid\u00e3o Pedag\u00f3gica e Capacidade Cient\u00edfica (ISSSL; 2000) sobre o tema, Media\u00e7\u00e3o e Interven\u00e7\u00e3o Social em Justi\u00e7a. Realiza\u00e7\u00e3o de Forma\u00e7\u00e3o Pr\u00e1tica de aprofundamento ap\u00f3s Licenciatura no estrangeiro, em Reabilita\u00e7\u00e3o Psiqui\u00e1trica na Funda\u00e7\u00e3o de Waterheuvel, Amsterd\u00e3o \/ Holanda (1993), em Reabilita\u00e7\u00e3o Psiqui\u00e1trica na Soci\u00e9t\u00e9 Parisiene d\u2019aide \u00e1 l\u00e1 Sant\u00e9 mental \u2013 SPASM, Paris (1993); Reinser\u00e7\u00e3o e Integra\u00e7\u00e3o Profissional na Scotish Association for Mental health,&nbsp;Esc\u00f3cia (1994).<\/p>\n\n\n\n<p class=\"has-text-align-left\" style=\"font-size:16px\">Participa\u00e7\u00e3o em programas e projetos de investiga\u00e7\u00e3o nas \u00e1reas da Transfer\u00eancia dos perfis de a\u00e7\u00e3o, forma\u00e7\u00e3o, para desenvolvimento da rela\u00e7\u00e3o de ajuda aos p\u00fablicos em situa\u00e7\u00e3o de abandono (Crian\u00e7as, Adolescentes); Trabalho Social na Europa. Modelo Comparativo em L\u00ednguas Rom\u00e2nicas e nos dom\u00ednios do Sistema de Prote\u00e7\u00e3o \u00e0 Crian\u00e7a; Direitos da Crian\u00e7a, pol\u00edticas sociais de Inf\u00e2ncia e Interven\u00e7\u00e3o Social com Fam\u00edlias.<\/p>\n\n\n\n<p class=\"has-text-align-left\" style=\"font-size:16px\">Tem 13 artigos cient\u00edficos publicados e v\u00e1rias comunica\u00e7\u00f5es em semin\u00e1rios nacionais e internacionais e comunica\u00e7\u00f5es em congressos. Colaborador da Revista Kat\u00e1lisis (revista semestral com circula\u00e7\u00e3o em pa\u00edses de l\u00edngua hisp\u00e2nica e em Portugal dirigida a Assistentes Sociais e Profissionais de \u00e1reas afins, Professores, Investigadores). Professor de diferentes Unidades Curriculares ao n\u00edvel de 1\u00ba e 2\u00ba Ciclo. Professor Visitante na Universidade Complutense de Madrid (Escuela de Trabajo Social), e na Universidade de Granada (Escuela de Trabajo Social), colaborador com institui\u00e7\u00f5es de ensino superior em Portugal (Instituto Universit\u00e1rio de Lisboa .&nbsp;ISCTE) e nos programas de coopera\u00e7\u00e3o cient\u00edfica de docentes da Universidade Lus\u00edada de Lisboa (Instituto Polit\u00e9cnico da Guarda, Instituto Polit\u00e9cnico de Beja, Universidade dos A\u00e7ores). No ano de 2009, Acreditado Avaliador Externo das Novas oportunidades. Vogal de J\u00fari do concurso de dirigente de grau interm\u00e9dio de 2\u00ba grau da Administra\u00e7\u00e3o P\u00fablica. Coordenador pedag\u00f3gico e&nbsp;cientifico e professor do Curso de Especializa\u00e7\u00e3o Tecnol\u00f3gica (CET) \u00abAcolhimento em Institui\u00e7\u00e3o\u00bb. (2008\/2010). V\u00e1rias participa\u00e7\u00f5es no \u00e2mbito do Programa Socrates Erasmus (mobilidade de professores) com Universidades Europeia: Complutense de Madrid Espanha, universidade de Kalmar Su\u00e9cia, Universidade de Mastrich, Holanda, Universidade Bicocca Mil\u00e3o It\u00e1lia e Universidade de Granada Espanha.<\/p>\n\n\n\n<p class=\"has-text-align-left\" style=\"font-size:16px\">\u00c1reas Cientificas de Forma\u00e7\u00e3o: Teoria e Metodologia do Servi\u00e7o Social, Teoria Critica e Servi\u00e7o Social, Investiga\u00e7\u00e3o em Servi\u00e7o Social, Semin\u00e1rios de Pr\u00e1tica em Servi\u00e7o Social, Avalia\u00e7\u00e3o de Programas de Politicas Sociais, Servi\u00e7o Social Internacional; metodologias de Investiga\u00e7\u00e3o, Metodologias Especificas de Interven\u00e7\u00e3o em Gerontologia Social, interven\u00e7\u00e3o Social em Situa\u00e7\u00f5es de Risco, Interven\u00e7\u00e3o Social com Fam\u00edlias Maltratantes, interven\u00e7\u00e3o em Rede, Comportamentos Desviantes, Introdu\u00e7\u00e3o \u00e0 Criminologia e Vitimologia.<\/p>\n<\/div><\/div>\n\n\n\n<div style=\"height:40px\" aria-hidden=\"true\" class=\"wp-block-spacer\"><\/div>\n\n\n\n<p><\/p>\n\n\n\n<div class=\"wp-block-media-text alignwide is-stacked-on-mobile is-vertically-aligned-top\" style=\"grid-template-columns:18% auto\"><figure class=\"wp-block-media-text__media\"><img loading=\"lazy\" decoding=\"async\" width=\"150\" height=\"150\" src=\"https:\/\/inovhumre.iscte-iul.pt\/wp-content\/uploads\/2022\/02\/Annelien-150x150.jpg\" alt=\"\" class=\"wp-image-299 size-thumbnail\"\/><\/figure><div class=\"wp-block-media-text__content\">\n<p><strong>Annelien Groten <\/strong>\u00e9 professora e doutoranda no ISCTE com especializa\u00e7\u00e3o em Ajuda Humanit\u00e1ria e Desenvolvimento, contando com mais de 20 anos de experi\u00eancia no terreno. O seu foco \u00e9 no impacto da ajuda humanit\u00e1ria nos seus destinat\u00e1rios. Atualmente \u00e9 consultora internacional onde trabalha na \u00e1rea da Monitoriza\u00e7\u00e3o e Avalia\u00e7\u00e3o com foco no g\u00e9nero, direitos humanos e justi\u00e7a na \u00c1sia e no M\u00e9dio Oriente. <\/p>\n\n\n\n<p>Nas \u00faltimas duas d\u00e9cadas ocupou diversos cargos em ONGs nacionais e internacionais na \u00e1rea da ajuda humanit\u00e1ria em v\u00e1rios pa\u00edses como: Z\u00e2mbia, Mo\u00e7ambique, Nepal, Vietnam, Palestina, Egipto, entre outros. Tem uma vasta experi\u00eancia na an\u00e1lise cr\u00edtica da ajuda humanit\u00e1ria e desenvolvimento e tem estado diretamente envolvida em projetos direcionados para o empowerment de grupos marginalizados, apoiando as suas reivindica\u00e7\u00f5es numa perspetiva de direito humanos e justi\u00e7a. <\/p>\n\n\n\n<p>Tem tamb\u00e9m experi\u00eancia na capacita\u00e7\u00e3o de ONG nacionais e internacionais no seu desenvolvimento estrat\u00e9gico, monitoriza\u00e7\u00e3o e avalia\u00e7\u00e3o e investiga\u00e7\u00e3o na \u00e1rea do g\u00e9nero e justi\u00e7a social. \u00c9 membro da equipa de docentes do curso avan\u00e7ado de A\u00e7\u00e3o Humanit\u00e1ria do ISCTE, focado na interven\u00e7\u00e3o para desenvolvimento humanit\u00e1rio, apoio nas cat\u00e1strofes naturais, crises econ\u00f3micas e sociais, guerras e conflitos, epidemias entre outras situa\u00e7\u00f5es a n\u00edvel mundial que carecem do crescente apoio da a\u00e7\u00e3o humanit\u00e1ria. <\/p>\n\n\n\n<p>Como consultora independente liderou e participou em in\u00fameros projetos, relacionados com situa\u00e7\u00f5es humanit\u00e1rias, entre os quais: <\/p>\n\n\n\n<p>\u201cEffectiveness of Amnesty International work during Operation protective Edge&#8221;, Amnistia Internacional, 2017;<\/p>\n\n\n\n<p>\u201c10 year impact study on South Hebron Hills&#8221;, 2018 Breaking the Silence, Israel; &#8220;Impact evaluation of Norwegian Refugee Council Legal Aid Programme&#8221;, 2017, Israel\/Palestine;<\/p>\n\n\n\n<p>&#8220;Capacity building in monitoring and evaluation amongst partner NGOs in Myanmar\u2019 2018\/19&#8221;, Norwegian\u2019s People\u2019s Aid, Myanmar; <\/p>\n\n\n\n<p>&#8220;Management of emergency assistance projects for Trocaire Occupied Palestinian Territories programme&#8221;, 2009-2011;<\/p>\n\n\n\n<p>&#8220;Management of Emergency Situation Centre&#8221;, UNICEF Mozambique and Namibia, 2007.<\/p>\n<\/div><\/div>\n\n\n\n<div style=\"height:8px\" aria-hidden=\"true\" class=\"wp-block-spacer\"><\/div>\n\n\n\n<div style=\"height:32px\" aria-hidden=\"true\" class=\"wp-block-spacer\"><\/div>\n\n\n\n<div class=\"wp-block-media-text alignwide is-stacked-on-mobile is-vertically-aligned-top\" style=\"grid-template-columns:18% auto\"><figure class=\"wp-block-media-text__media\"><img loading=\"lazy\" decoding=\"async\" width=\"264\" height=\"264\" src=\"https:\/\/inovhumre.iscte-iul.pt\/wp-content\/uploads\/2022\/02\/Iscte_raquel-freitas-1.jpg\" alt=\"\" class=\"wp-image-279 size-full\" srcset=\"https:\/\/inovhumre.iscte-iul.pt\/wp-content\/uploads\/2022\/02\/Iscte_raquel-freitas-1.jpg 264w, https:\/\/inovhumre.iscte-iul.pt\/wp-content\/uploads\/2022\/02\/Iscte_raquel-freitas-1-150x150.jpg 150w\" sizes=\"auto, (max-width: 264px) 100vw, 264px\" \/><\/figure><div class=\"wp-block-media-text__content\">\n<p><strong>Raquel Freitas<\/strong> \u00e9 professora convidada do ISCTE. Tem especializa\u00e7\u00e3o em Rela\u00e7\u00f5es internacionais, Pol\u00edticas P\u00fablicas Europeias, Ci\u00eancia Pol\u00edtica, Pol\u00edtica Comparativa e Economia Politica. Atualmente \u00e9 Vice-Diretora do curso avan\u00e7ado em Ajuda Humanit\u00e1ria do ISCTE, onde leciona&nbsp; introdu\u00e7\u00e3o aos fundamentos, conceitos chave e desafios na ajuda humanit\u00e1ria. <\/p>\n\n\n\n<p>\u00c9 tamb\u00e9m regularmente convidada para lecionar na p\u00f3s-gradua\u00e7\u00e3o em Crise e A\u00e7\u00e3o Humanit\u00e1ria e no Curso de Defesa Nacional (m\u00f3dulo sobre resposta humanit\u00e1ria em situa\u00e7\u00f5es de conflito) do Instituto Superior de Ci\u00eancias Sociais e Pol\u00edticas. O seu doutoramento focou-se no mandato e no apoio operacional do Alto Comissariado das Na\u00e7\u00f5es Unidas para os Refugiados sobre o Desloca\u00e7\u00e3o Interna de Pessoas. <\/p>\n\n\n\n<p>Tem uma vasta experi\u00eancia no trabalho como consultora para o ACNUR e outras organiza\u00e7\u00f5es, quer nas pr\u00f3prias sedes quer no trabalho de terreno. Foi conselheira do Secret\u00e1rio de Estado dos Neg\u00f3cios Estrangeiros e da Coopera\u00e7\u00e3o onde tinha a seu cargo a rela\u00e7\u00e3o com as ag\u00eancias da UN, resposta humanit\u00e1ria, migra\u00e7\u00f5es, desenvolvimento pol\u00edtico. Foi respons\u00e1vel por mapear o sistema portugu\u00eas de reposta humanit\u00e1ria.<\/p>\n<\/div><\/div>\n\n\n\n<div style=\"height:66px\" aria-hidden=\"true\" class=\"wp-block-spacer\"><\/div>\n","protected":false},"excerpt":{"rendered":"<p>Fundada em 1972, o Iscte \u00e9 uma universidade p\u00fablica de elevada qualidade distinguida pela sua forte componente em estudos de p\u00f3s-gradua\u00e7\u00e3o e pesquisa cient\u00edfica. Acolhe aproximadamente 10.000 alunos em licenciaturas e programas de p\u00f3s-gradua\u00e7\u00e3o nas suas 4 escolas: Escola de Ci\u00eancias Socias e Humanas; Escola de Sociologia e Pol\u00edticas P\u00fablicas; Escola de Gest\u00e3o; Escola de&hellip;<a href=\"https:\/\/inovhumre.iscte-iul.pt\/index.php\/parceiros\/iscte-instituto-universitario-de-lisboa\/\" class=\"more-link\">Continue reading <span class=\"screen-reader-text\">ISCTE &#8211; Instituto Universit\u00e1rio de Lisboa<\/span><\/a><\/p>\n","protected":false},"author":3,"featured_media":0,"parent":25,"menu_order":1,"comment_status":"closed","ping_status":"closed","template":"","meta":{"footnotes":""},"class_list":["post-216","page","type-page","status-publish","hentry"],"_links":{"self":[{"href":"https:\/\/inovhumre.iscte-iul.pt\/index.php\/wp-json\/wp\/v2\/pages\/216","targetHints":{"allow":["GET"]}}],"collection":[{"href":"https:\/\/inovhumre.iscte-iul.pt\/index.php\/wp-json\/wp\/v2\/pages"}],"about":[{"href":"https:\/\/inovhumre.iscte-iul.pt\/index.php\/wp-json\/wp\/v2\/types\/page"}],"author":[{"embeddable":true,"href":"https:\/\/inovhumre.iscte-iul.pt\/index.php\/wp-json\/wp\/v2\/users\/3"}],"replies":[{"embeddable":true,"href":"https:\/\/inovhumre.iscte-iul.pt\/index.php\/wp-json\/wp\/v2\/comments?post=216"}],"version-history":[{"count":28,"href":"https:\/\/inovhumre.iscte-iul.pt\/index.php\/wp-json\/wp\/v2\/pages\/216\/revisions"}],"predecessor-version":[{"id":767,"href":"https:\/\/inovhumre.iscte-iul.pt\/index.php\/wp-json\/wp\/v2\/pages\/216\/revisions\/767"}],"up":[{"embeddable":true,"href":"https:\/\/inovhumre.iscte-iul.pt\/index.php\/wp-json\/wp\/v2\/pages\/25"}],"wp:attachment":[{"href":"https:\/\/inovhumre.iscte-iul.pt\/index.php\/wp-json\/wp\/v2\/media?parent=216"}],"curies":[{"name":"wp","href":"https:\/\/api.w.org\/{rel}","templated":true}]}}