{"id":186,"date":"2022-01-28T17:48:20","date_gmt":"2022-01-28T17:48:20","guid":{"rendered":"https:\/\/inovhumre.iscte-iul.pt\/?page_id=186"},"modified":"2022-02-01T16:38:38","modified_gmt":"2022-02-01T16:38:38","slug":"partners","status":"publish","type":"page","link":"https:\/\/inovhumre.iscte-iul.pt\/index.php\/en\/partners\/","title":{"rendered":"Partners"},"content":{"rendered":"\n<p>The project InovHumRe counts with the participation of Universities and Non-Governmental Organizations directly involved in the humanitarian response from Portugal, Spain, Turkey, Colombia and Brazil.<\/p>\n\n\n\n<p>The project is coordinated by <a href=\"https:\/\/www.iscte-iul.pt\/\">Iscte \u2013 Instituto Universit\u00e1rio de Lisboa<\/a> and has as partners the following organizations:<\/p>\n\n\n\n<p>\u2013&nbsp;<a href=\"http:\/\/www.imvf.org\/en\/home\/\">Instituto Marqu\u00eas de Valle Fl\u00f4r<\/a>, Portugal<\/p>\n\n\n\n<p>\u2013&nbsp;<a href=\"https:\/\/www.hacettepe.edu.tr\/english\">Hacettepe University<\/a>, Turkey<\/p>\n\n\n\n<p>\u2013<a href=\"https:\/\/sened.ngo\/\">&nbsp;Sened Dernegi<\/a>, Turkey<\/p>\n\n\n\n<p>\u2013&nbsp;<a href=\"http:\/\/shuder.org\/\">Sosyal Himzet<\/a>, Turkey<\/p>\n\n\n\n<p>\u2013&nbsp;<a href=\"https:\/\/www.fundacionmagtel.es\/\">Fundac\u00edon Magtel<\/a>, Spain<\/p>\n\n\n\n<p>\u2013&nbsp;<a href=\"https:\/\/www.uned.es\/universidad\/inicio.html\">National University of Distance Learning (UNED)<\/a>, Spain<\/p>\n\n\n\n<p>\u2013&nbsp;<a href=\"https:\/\/portal.fgv.br\/\">Funda\u00e7\u00e3o Get\u00falio Vargas<\/a>, Brazil<\/p>\n\n\n\n<p>\u2013\u00a0<a href=\"https:\/\/www.icesi.edu.co\/en\/\">Icesi University<\/a>, Colombia<\/p>\n\n\n\n<p><\/p>\n\n\n\n<p><strong>Find out more about each organizations in the partner&#8217;s tab.<\/strong><\/p>\n","protected":false},"excerpt":{"rendered":"<p>The project InovHumRe counts with the participation of Universities and Non-Governmental Organizations directly involved in the humanitarian response from Portugal, Spain, Turkey, Colombia and Brazil. The project is coordinated by Iscte \u2013 Instituto Universit\u00e1rio de Lisboa and has as partners the following organizations: \u2013&nbsp;Instituto Marqu\u00eas de Valle Fl\u00f4r, Portugal \u2013&nbsp;Hacettepe University, Turkey \u2013&nbsp;Sened Dernegi, Turkey&hellip;<a href=\"https:\/\/inovhumre.iscte-iul.pt\/index.php\/en\/partners\/\" class=\"more-link\">Continue reading <span class=\"screen-reader-text\">Partners<\/span><\/a><\/p>\n","protected":false},"author":3,"featured_media":0,"parent":0,"menu_order":0,"comment_status":"closed","ping_status":"closed","template":"","meta":{"footnotes":""},"class_list":["post-186","page","type-page","status-publish","hentry"],"_links":{"self":[{"href":"https:\/\/inovhumre.iscte-iul.pt\/index.php\/wp-json\/wp\/v2\/pages\/186","targetHints":{"allow":["GET"]}}],"collection":[{"href":"https:\/\/inovhumre.iscte-iul.pt\/index.php\/wp-json\/wp\/v2\/pages"}],"about":[{"href":"https:\/\/inovhumre.iscte-iul.pt\/index.php\/wp-json\/wp\/v2\/types\/page"}],"author":[{"embeddable":true,"href":"https:\/\/inovhumre.iscte-iul.pt\/index.php\/wp-json\/wp\/v2\/users\/3"}],"replies":[{"embeddable":true,"href":"https:\/\/inovhumre.iscte-iul.pt\/index.php\/wp-json\/wp\/v2\/comments?post=186"}],"version-history":[{"count":5,"href":"https:\/\/inovhumre.iscte-iul.pt\/index.php\/wp-json\/wp\/v2\/pages\/186\/revisions"}],"predecessor-version":[{"id":488,"href":"https:\/\/inovhumre.iscte-iul.pt\/index.php\/wp-json\/wp\/v2\/pages\/186\/revisions\/488"}],"wp:attachment":[{"href":"https:\/\/inovhumre.iscte-iul.pt\/index.php\/wp-json\/wp\/v2\/media?parent=186"}],"curies":[{"name":"wp","href":"https:\/\/api.w.org\/{rel}","templated":true}]}}